{"id":4086,"date":"2023-12-14T17:56:24","date_gmt":"2023-12-14T16:56:24","guid":{"rendered":"https:\/\/stockeet.ch\/faq\/"},"modified":"2025-03-26T11:35:55","modified_gmt":"2025-03-26T10:35:55","slug":"faq","status":"publish","type":"page","link":"https:\/\/stockeet.ch\/pt-pt\/faq\/","title":{"rendered":"FAQ"},"content":{"rendered":"\t\t<div data-elementor-type=\"wp-page\" data-elementor-id=\"4086\" class=\"elementor elementor-4086 elementor-455\" data-elementor-post-type=\"page\">\n\t\t\t\t<div class=\"elementor-element elementor-element-505e9a3 e-flex e-con-boxed e-con e-parent\" data-id=\"505e9a3\" data-element_type=\"container\">\n\t\t\t\t\t<div class=\"e-con-inner\">\n\t\t\t\t<div class=\"elementor-element elementor-element-9263a49 elementor-widget elementor-widget-text-editor\" data-id=\"9263a49\" data-element_type=\"widget\" data-widget_type=\"text-editor.default\">\n\t\t\t\t<div class=\"elementor-widget-container\">\n\t\t\t\t\t\t\t\t\t<p>FAQ<\/p>\t\t\t\t\t\t\t\t<\/div>\n\t\t\t\t<\/div>\n\t\t<div class=\"elementor-element elementor-element-56a10cf e-flex e-con-boxed e-con e-child\" data-id=\"56a10cf\" data-element_type=\"container\">\n\t\t\t\t\t<div class=\"e-con-inner\">\n\t\t\t\t<div class=\"elementor-element elementor-element-c3fe46c elementor-widget__width-initial elementor-invisible elementor-widget elementor-widget-text-editor\" data-id=\"c3fe46c\" data-element_type=\"widget\" data-settings=\"{&quot;_animation&quot;:&quot;fadeInUp&quot;}\" data-widget_type=\"text-editor.default\">\n\t\t\t\t<div class=\"elementor-widget-container\">\n\t\t\t\t\t\t\t\t\t<p><span style=\"font-weight: 400;\">Para simplificar a tua experi\u00eancia e responder \u00e0s tuas d\u00favidas, elabor\u00e1mos uma lista das perguntas mais frequentes dos nossos clientes.<\/span><\/p>\t\t\t\t\t\t\t\t<\/div>\n\t\t\t\t<\/div>\n\t\t\t\t<div class=\"elementor-element elementor-element-bdbc635 elementor-widget__width-initial elementor-invisible elementor-widget elementor-widget-text-editor\" data-id=\"bdbc635\" data-element_type=\"widget\" data-settings=\"{&quot;_animation&quot;:&quot;fadeInUp&quot;}\" data-widget_type=\"text-editor.default\">\n\t\t\t\t<div class=\"elementor-widget-container\">\n\t\t\t\t\t\t\t\t\t<p><span style=\"font-weight: 400;\">Explora as nossas respostas \u00e0s perguntas mais frequentes para obteres as informa\u00e7\u00f5es de que necessitas. Se n\u00e3o encontrares o que procuras, n\u00e3o hesites em contactar-nos diretamente. Estamos aqui para ajudar-te.  <\/span><\/p>\t\t\t\t\t\t\t\t<\/div>\n\t\t\t\t<\/div>\n\t\t\t\t\t<\/div>\n\t\t\t\t<\/div>\n\t\t\t\t\t<\/div>\n\t\t\t\t<\/div>\n\t\t<div class=\"elementor-element elementor-element-910492c e-flex e-con-boxed e-con e-parent\" data-id=\"910492c\" data-element_type=\"container\">\n\t\t\t\t\t<div class=\"e-con-inner\">\n\t\t\t\t<div class=\"elementor-element elementor-element-e6b219c elementor-widget elementor-widget-accordion\" data-id=\"e6b219c\" data-element_type=\"widget\" data-widget_type=\"accordion.default\">\n\t\t\t\t<div class=\"elementor-widget-container\">\n\t\t\t\t\t\t\t<div class=\"elementor-accordion\">\n\t\t\t\t\t\t\t<div class=\"elementor-accordion-item\">\n\t\t\t\t\t<div id=\"elementor-tab-title-2411\" class=\"elementor-tab-title\" data-tab=\"1\" role=\"button\" aria-controls=\"elementor-tab-content-2411\" aria-expanded=\"false\">\n\t\t\t\t\t\t\t\t\t\t\t\t\t<span class=\"elementor-accordion-icon elementor-accordion-icon-right\" aria-hidden=\"true\">\n\t\t\t\t\t\t\t\t\t\t\t\t\t\t\t<span class=\"elementor-accordion-icon-closed\"><svg xmlns=\"http:\/\/www.w3.org\/2000\/svg\" width=\"33\" height=\"33\" viewBox=\"0 0 33 33\" fill=\"none\"><circle cx=\"16.0811\" cy=\"16.6423\" r=\"15.4683\" stroke=\"#607AE3\"><\/circle><g clip-path=\"url(#clip0_48_2)\"><path d=\"M16.6436 13.5486C16.6436 13.2375 16.3922 12.9861 16.0811 12.9861C15.7699 12.9861 15.5186 13.2375 15.5186 13.5486V16.0798H12.9873C12.6762 16.0798 12.4248 16.3312 12.4248 16.6423C12.4248 16.9535 12.6762 17.2048 12.9873 17.2048H15.5186V19.7361C15.5186 20.0472 15.7699 20.2986 16.0811 20.2986C16.3922 20.2986 16.6436 20.0472 16.6436 19.7361V17.2048H19.1748C19.4859 17.2048 19.7373 16.9535 19.7373 16.6423C19.7373 16.3312 19.4859 16.0798 19.1748 16.0798H16.6436V13.5486Z\" fill=\"#607AE3\"><\/path><\/g><defs><clipPath id=\"clip0_48_2\"><rect width=\"9\" height=\"9\" fill=\"white\" transform=\"translate(11.5811 12.1423)\"><\/rect><\/clipPath><\/defs><\/svg><\/span>\n\t\t\t\t\t\t\t\t<span class=\"elementor-accordion-icon-opened\"><svg xmlns=\"http:\/\/www.w3.org\/2000\/svg\" width=\"32\" height=\"32\" viewBox=\"0 0 32 32\" fill=\"none\"><path d=\"M12.5 16.3333C12.3583 16.3333 12.2396 16.2694 12.1438 16.1417C12.0479 16.0139 12 15.8556 12 15.6667C12 15.4778 12.0479 15.3194 12.1438 15.1917C12.2396 15.0639 12.3583 15 12.5 15H18.5C18.6417 15 18.7604 15.0639 18.8563 15.1917C18.9521 15.3194 19 15.4778 19 15.6667C19 15.8556 18.9521 16.0139 18.8563 16.1417C18.7604 16.2694 18.6417 16.3333 18.5 16.3333H12.5Z\" fill=\"#607AE3\"><\/path><circle cx=\"15.9683\" cy=\"15.9683\" r=\"15.4683\" stroke=\"#607AE3\"><\/circle><\/svg><\/span>\n\t\t\t\t\t\t\t\t\t\t\t\t\t\t<\/span>\n\t\t\t\t\t\t\t\t\t\t\t\t<a class=\"elementor-accordion-title\" tabindex=\"0\">Quais s\u00e3o as dimens\u00f5es e as carater\u00edsticas dos espa\u00e7os dispon\u00edveis para aluguer?<\/a>\n\t\t\t\t\t<\/div>\n\t\t\t\t\t<div id=\"elementor-tab-content-2411\" class=\"elementor-tab-content elementor-clearfix\" data-tab=\"1\" role=\"region\" aria-labelledby=\"elementor-tab-title-2411\"><p><span style=\"font-weight: 400;\">Dispomos de uma vasta escolha de tamanhos de caixas, de 1 a 23m2. A lista de caixas dispon\u00edveis \u00e9 constantemente actualizada e pode ser consultada diretamente no nosso site. <\/span><\/p>\n<\/div>\n\t\t\t\t<\/div>\n\t\t\t\t\t\t\t<div class=\"elementor-accordion-item\">\n\t\t\t\t\t<div id=\"elementor-tab-title-2412\" class=\"elementor-tab-title\" data-tab=\"2\" role=\"button\" aria-controls=\"elementor-tab-content-2412\" aria-expanded=\"false\">\n\t\t\t\t\t\t\t\t\t\t\t\t\t<span class=\"elementor-accordion-icon elementor-accordion-icon-right\" aria-hidden=\"true\">\n\t\t\t\t\t\t\t\t\t\t\t\t\t\t\t<span class=\"elementor-accordion-icon-closed\"><svg xmlns=\"http:\/\/www.w3.org\/2000\/svg\" width=\"33\" height=\"33\" viewBox=\"0 0 33 33\" fill=\"none\"><circle cx=\"16.0811\" cy=\"16.6423\" r=\"15.4683\" stroke=\"#607AE3\"><\/circle><g clip-path=\"url(#clip0_48_2)\"><path d=\"M16.6436 13.5486C16.6436 13.2375 16.3922 12.9861 16.0811 12.9861C15.7699 12.9861 15.5186 13.2375 15.5186 13.5486V16.0798H12.9873C12.6762 16.0798 12.4248 16.3312 12.4248 16.6423C12.4248 16.9535 12.6762 17.2048 12.9873 17.2048H15.5186V19.7361C15.5186 20.0472 15.7699 20.2986 16.0811 20.2986C16.3922 20.2986 16.6436 20.0472 16.6436 19.7361V17.2048H19.1748C19.4859 17.2048 19.7373 16.9535 19.7373 16.6423C19.7373 16.3312 19.4859 16.0798 19.1748 16.0798H16.6436V13.5486Z\" fill=\"#607AE3\"><\/path><\/g><defs><clipPath id=\"clip0_48_2\"><rect width=\"9\" height=\"9\" fill=\"white\" transform=\"translate(11.5811 12.1423)\"><\/rect><\/clipPath><\/defs><\/svg><\/span>\n\t\t\t\t\t\t\t\t<span class=\"elementor-accordion-icon-opened\"><svg xmlns=\"http:\/\/www.w3.org\/2000\/svg\" width=\"32\" height=\"32\" viewBox=\"0 0 32 32\" fill=\"none\"><path d=\"M12.5 16.3333C12.3583 16.3333 12.2396 16.2694 12.1438 16.1417C12.0479 16.0139 12 15.8556 12 15.6667C12 15.4778 12.0479 15.3194 12.1438 15.1917C12.2396 15.0639 12.3583 15 12.5 15H18.5C18.6417 15 18.7604 15.0639 18.8563 15.1917C18.9521 15.3194 19 15.4778 19 15.6667C19 15.8556 18.9521 16.0139 18.8563 16.1417C18.7604 16.2694 18.6417 16.3333 18.5 16.3333H12.5Z\" fill=\"#607AE3\"><\/path><circle cx=\"15.9683\" cy=\"15.9683\" r=\"15.4683\" stroke=\"#607AE3\"><\/circle><\/svg><\/span>\n\t\t\t\t\t\t\t\t\t\t\t\t\t\t<\/span>\n\t\t\t\t\t\t\t\t\t\t\t\t<a class=\"elementor-accordion-title\" tabindex=\"0\">Qual \u00e9 a pol\u00edtica de seguran\u00e7a dos bens armazenados?<\/a>\n\t\t\t\t\t<\/div>\n\t\t\t\t\t<div id=\"elementor-tab-content-2412\" class=\"elementor-tab-content elementor-clearfix\" data-tab=\"2\" role=\"region\" aria-labelledby=\"elementor-tab-title-2412\"><p><span style=\"font-weight: 400;\">O nosso local de auto-armazenamento est\u00e1 equipado com a mais recente tecnologia de seguran\u00e7a.  <\/span><\/p>\n<p><span style=\"font-weight: 400;\">Vigil\u00e2ncia \u00e0 dist\u00e2ncia 24\/24, sistemas de alarme e de intrus\u00e3o, est\u00e1 tudo \u00e0 tua disposi\u00e7\u00e3o! Podes ficar descansado!   <\/span><\/p>\n<p><span style=\"font-weight: 400;\">E para lhe garantir uma prote\u00e7\u00e3o sem falhas, trabalhamos em parceria com a empresa SIR SA, prote\u00e7\u00e3o, seguran\u00e7a, interven\u00e7\u00e3o, dispon\u00edvel 24 horas por dia, 7 dias por semana.<\/span><\/p>\n<\/div>\n\t\t\t\t<\/div>\n\t\t\t\t\t\t\t<div class=\"elementor-accordion-item\">\n\t\t\t\t\t<div id=\"elementor-tab-title-2413\" class=\"elementor-tab-title\" data-tab=\"3\" role=\"button\" aria-controls=\"elementor-tab-content-2413\" aria-expanded=\"false\">\n\t\t\t\t\t\t\t\t\t\t\t\t\t<span class=\"elementor-accordion-icon elementor-accordion-icon-right\" aria-hidden=\"true\">\n\t\t\t\t\t\t\t\t\t\t\t\t\t\t\t<span class=\"elementor-accordion-icon-closed\"><svg xmlns=\"http:\/\/www.w3.org\/2000\/svg\" width=\"33\" height=\"33\" viewBox=\"0 0 33 33\" fill=\"none\"><circle cx=\"16.0811\" cy=\"16.6423\" r=\"15.4683\" stroke=\"#607AE3\"><\/circle><g clip-path=\"url(#clip0_48_2)\"><path d=\"M16.6436 13.5486C16.6436 13.2375 16.3922 12.9861 16.0811 12.9861C15.7699 12.9861 15.5186 13.2375 15.5186 13.5486V16.0798H12.9873C12.6762 16.0798 12.4248 16.3312 12.4248 16.6423C12.4248 16.9535 12.6762 17.2048 12.9873 17.2048H15.5186V19.7361C15.5186 20.0472 15.7699 20.2986 16.0811 20.2986C16.3922 20.2986 16.6436 20.0472 16.6436 19.7361V17.2048H19.1748C19.4859 17.2048 19.7373 16.9535 19.7373 16.6423C19.7373 16.3312 19.4859 16.0798 19.1748 16.0798H16.6436V13.5486Z\" fill=\"#607AE3\"><\/path><\/g><defs><clipPath id=\"clip0_48_2\"><rect width=\"9\" height=\"9\" fill=\"white\" transform=\"translate(11.5811 12.1423)\"><\/rect><\/clipPath><\/defs><\/svg><\/span>\n\t\t\t\t\t\t\t\t<span class=\"elementor-accordion-icon-opened\"><svg xmlns=\"http:\/\/www.w3.org\/2000\/svg\" width=\"32\" height=\"32\" viewBox=\"0 0 32 32\" fill=\"none\"><path d=\"M12.5 16.3333C12.3583 16.3333 12.2396 16.2694 12.1438 16.1417C12.0479 16.0139 12 15.8556 12 15.6667C12 15.4778 12.0479 15.3194 12.1438 15.1917C12.2396 15.0639 12.3583 15 12.5 15H18.5C18.6417 15 18.7604 15.0639 18.8563 15.1917C18.9521 15.3194 19 15.4778 19 15.6667C19 15.8556 18.9521 16.0139 18.8563 16.1417C18.7604 16.2694 18.6417 16.3333 18.5 16.3333H12.5Z\" fill=\"#607AE3\"><\/path><circle cx=\"15.9683\" cy=\"15.9683\" r=\"15.4683\" stroke=\"#607AE3\"><\/circle><\/svg><\/span>\n\t\t\t\t\t\t\t\t\t\t\t\t\t\t<\/span>\n\t\t\t\t\t\t\t\t\t\t\t\t<a class=\"elementor-accordion-title\" tabindex=\"0\">Posso aceder ao meu espa\u00e7o em qualquer altura?<\/a>\n\t\t\t\t\t<\/div>\n\t\t\t\t\t<div id=\"elementor-tab-content-2413\" class=\"elementor-tab-content elementor-clearfix\" data-tab=\"3\" role=\"region\" aria-labelledby=\"elementor-tab-title-2413\"><p>Precisas de aceder \u00e0 tua caixa a meio da noite? Num feriado banc\u00e1rio? A Stockeet est\u00e1 acess\u00edvel 365 dias por ano, 24 horas por dia, 7 dias por semana.  <\/p>\n<\/div>\n\t\t\t\t<\/div>\n\t\t\t\t\t\t\t<div class=\"elementor-accordion-item\">\n\t\t\t\t\t<div id=\"elementor-tab-title-2414\" class=\"elementor-tab-title\" data-tab=\"4\" role=\"button\" aria-controls=\"elementor-tab-content-2414\" aria-expanded=\"false\">\n\t\t\t\t\t\t\t\t\t\t\t\t\t<span class=\"elementor-accordion-icon elementor-accordion-icon-right\" aria-hidden=\"true\">\n\t\t\t\t\t\t\t\t\t\t\t\t\t\t\t<span class=\"elementor-accordion-icon-closed\"><svg xmlns=\"http:\/\/www.w3.org\/2000\/svg\" width=\"33\" height=\"33\" viewBox=\"0 0 33 33\" fill=\"none\"><circle cx=\"16.0811\" cy=\"16.6423\" r=\"15.4683\" stroke=\"#607AE3\"><\/circle><g clip-path=\"url(#clip0_48_2)\"><path d=\"M16.6436 13.5486C16.6436 13.2375 16.3922 12.9861 16.0811 12.9861C15.7699 12.9861 15.5186 13.2375 15.5186 13.5486V16.0798H12.9873C12.6762 16.0798 12.4248 16.3312 12.4248 16.6423C12.4248 16.9535 12.6762 17.2048 12.9873 17.2048H15.5186V19.7361C15.5186 20.0472 15.7699 20.2986 16.0811 20.2986C16.3922 20.2986 16.6436 20.0472 16.6436 19.7361V17.2048H19.1748C19.4859 17.2048 19.7373 16.9535 19.7373 16.6423C19.7373 16.3312 19.4859 16.0798 19.1748 16.0798H16.6436V13.5486Z\" fill=\"#607AE3\"><\/path><\/g><defs><clipPath id=\"clip0_48_2\"><rect width=\"9\" height=\"9\" fill=\"white\" transform=\"translate(11.5811 12.1423)\"><\/rect><\/clipPath><\/defs><\/svg><\/span>\n\t\t\t\t\t\t\t\t<span class=\"elementor-accordion-icon-opened\"><svg xmlns=\"http:\/\/www.w3.org\/2000\/svg\" width=\"32\" height=\"32\" viewBox=\"0 0 32 32\" fill=\"none\"><path d=\"M12.5 16.3333C12.3583 16.3333 12.2396 16.2694 12.1438 16.1417C12.0479 16.0139 12 15.8556 12 15.6667C12 15.4778 12.0479 15.3194 12.1438 15.1917C12.2396 15.0639 12.3583 15 12.5 15H18.5C18.6417 15 18.7604 15.0639 18.8563 15.1917C18.9521 15.3194 19 15.4778 19 15.6667C19 15.8556 18.9521 16.0139 18.8563 16.1417C18.7604 16.2694 18.6417 16.3333 18.5 16.3333H12.5Z\" fill=\"#607AE3\"><\/path><circle cx=\"15.9683\" cy=\"15.9683\" r=\"15.4683\" stroke=\"#607AE3\"><\/circle><\/svg><\/span>\n\t\t\t\t\t\t\t\t\t\t\t\t\t\t<\/span>\n\t\t\t\t\t\t\t\t\t\t\t\t<a class=\"elementor-accordion-title\" tabindex=\"0\">O que devo fazer se precisar de rescindir o meu contrato de arrendamento?<\/a>\n\t\t\t\t\t<\/div>\n\t\t\t\t\t<div id=\"elementor-tab-content-2414\" class=\"elementor-tab-content elementor-clearfix\" data-tab=\"4\" role=\"region\" aria-labelledby=\"elementor-tab-title-2414\"><p>J\u00e1 n\u00e3o precisas da tua caixa? \u00c9 f\u00e1cil, basta ir \u00e0 tua conta de cliente para cancelar com apenas alguns cliques. <\/p>\n<\/div>\n\t\t\t\t<\/div>\n\t\t\t\t\t\t\t<div class=\"elementor-accordion-item\">\n\t\t\t\t\t<div id=\"elementor-tab-title-2415\" class=\"elementor-tab-title\" data-tab=\"5\" role=\"button\" aria-controls=\"elementor-tab-content-2415\" aria-expanded=\"false\">\n\t\t\t\t\t\t\t\t\t\t\t\t\t<span class=\"elementor-accordion-icon elementor-accordion-icon-right\" aria-hidden=\"true\">\n\t\t\t\t\t\t\t\t\t\t\t\t\t\t\t<span class=\"elementor-accordion-icon-closed\"><svg xmlns=\"http:\/\/www.w3.org\/2000\/svg\" width=\"33\" height=\"33\" viewBox=\"0 0 33 33\" fill=\"none\"><circle cx=\"16.0811\" cy=\"16.6423\" r=\"15.4683\" stroke=\"#607AE3\"><\/circle><g clip-path=\"url(#clip0_48_2)\"><path d=\"M16.6436 13.5486C16.6436 13.2375 16.3922 12.9861 16.0811 12.9861C15.7699 12.9861 15.5186 13.2375 15.5186 13.5486V16.0798H12.9873C12.6762 16.0798 12.4248 16.3312 12.4248 16.6423C12.4248 16.9535 12.6762 17.2048 12.9873 17.2048H15.5186V19.7361C15.5186 20.0472 15.7699 20.2986 16.0811 20.2986C16.3922 20.2986 16.6436 20.0472 16.6436 19.7361V17.2048H19.1748C19.4859 17.2048 19.7373 16.9535 19.7373 16.6423C19.7373 16.3312 19.4859 16.0798 19.1748 16.0798H16.6436V13.5486Z\" fill=\"#607AE3\"><\/path><\/g><defs><clipPath id=\"clip0_48_2\"><rect width=\"9\" height=\"9\" fill=\"white\" transform=\"translate(11.5811 12.1423)\"><\/rect><\/clipPath><\/defs><\/svg><\/span>\n\t\t\t\t\t\t\t\t<span class=\"elementor-accordion-icon-opened\"><svg xmlns=\"http:\/\/www.w3.org\/2000\/svg\" width=\"32\" height=\"32\" viewBox=\"0 0 32 32\" fill=\"none\"><path d=\"M12.5 16.3333C12.3583 16.3333 12.2396 16.2694 12.1438 16.1417C12.0479 16.0139 12 15.8556 12 15.6667C12 15.4778 12.0479 15.3194 12.1438 15.1917C12.2396 15.0639 12.3583 15 12.5 15H18.5C18.6417 15 18.7604 15.0639 18.8563 15.1917C18.9521 15.3194 19 15.4778 19 15.6667C19 15.8556 18.9521 16.0139 18.8563 16.1417C18.7604 16.2694 18.6417 16.3333 18.5 16.3333H12.5Z\" fill=\"#607AE3\"><\/path><circle cx=\"15.9683\" cy=\"15.9683\" r=\"15.4683\" stroke=\"#607AE3\"><\/circle><\/svg><\/span>\n\t\t\t\t\t\t\t\t\t\t\t\t\t\t<\/span>\n\t\t\t\t\t\t\t\t\t\t\t\t<a class=\"elementor-accordion-title\" tabindex=\"0\">Quanto tempo demora o meu pedido de anula\u00e7\u00e3o a produzir efeitos?<\/a>\n\t\t\t\t\t<\/div>\n\t\t\t\t\t<div id=\"elementor-tab-content-2415\" class=\"elementor-tab-content elementor-clearfix\" data-tab=\"5\" role=\"region\" aria-labelledby=\"elementor-tab-title-2415\"><p>O teu pedido de anula\u00e7\u00e3o \u00e9 instant\u00e2neo a partir da tua conta cliente e conservar\u00e1s o acesso \u00e0 tua caixa at\u00e9 \u00e0 data de anivers\u00e1rio da tua assinatura.<\/p>\n<\/div>\n\t\t\t\t<\/div>\n\t\t\t\t\t\t\t<div class=\"elementor-accordion-item\">\n\t\t\t\t\t<div id=\"elementor-tab-title-2416\" class=\"elementor-tab-title\" data-tab=\"6\" role=\"button\" aria-controls=\"elementor-tab-content-2416\" aria-expanded=\"false\">\n\t\t\t\t\t\t\t\t\t\t\t\t\t<span class=\"elementor-accordion-icon elementor-accordion-icon-right\" aria-hidden=\"true\">\n\t\t\t\t\t\t\t\t\t\t\t\t\t\t\t<span class=\"elementor-accordion-icon-closed\"><svg xmlns=\"http:\/\/www.w3.org\/2000\/svg\" width=\"33\" height=\"33\" viewBox=\"0 0 33 33\" fill=\"none\"><circle cx=\"16.0811\" cy=\"16.6423\" r=\"15.4683\" stroke=\"#607AE3\"><\/circle><g clip-path=\"url(#clip0_48_2)\"><path d=\"M16.6436 13.5486C16.6436 13.2375 16.3922 12.9861 16.0811 12.9861C15.7699 12.9861 15.5186 13.2375 15.5186 13.5486V16.0798H12.9873C12.6762 16.0798 12.4248 16.3312 12.4248 16.6423C12.4248 16.9535 12.6762 17.2048 12.9873 17.2048H15.5186V19.7361C15.5186 20.0472 15.7699 20.2986 16.0811 20.2986C16.3922 20.2986 16.6436 20.0472 16.6436 19.7361V17.2048H19.1748C19.4859 17.2048 19.7373 16.9535 19.7373 16.6423C19.7373 16.3312 19.4859 16.0798 19.1748 16.0798H16.6436V13.5486Z\" fill=\"#607AE3\"><\/path><\/g><defs><clipPath id=\"clip0_48_2\"><rect width=\"9\" height=\"9\" fill=\"white\" transform=\"translate(11.5811 12.1423)\"><\/rect><\/clipPath><\/defs><\/svg><\/span>\n\t\t\t\t\t\t\t\t<span class=\"elementor-accordion-icon-opened\"><svg xmlns=\"http:\/\/www.w3.org\/2000\/svg\" width=\"32\" height=\"32\" viewBox=\"0 0 32 32\" fill=\"none\"><path d=\"M12.5 16.3333C12.3583 16.3333 12.2396 16.2694 12.1438 16.1417C12.0479 16.0139 12 15.8556 12 15.6667C12 15.4778 12.0479 15.3194 12.1438 15.1917C12.2396 15.0639 12.3583 15 12.5 15H18.5C18.6417 15 18.7604 15.0639 18.8563 15.1917C18.9521 15.3194 19 15.4778 19 15.6667C19 15.8556 18.9521 16.0139 18.8563 16.1417C18.7604 16.2694 18.6417 16.3333 18.5 16.3333H12.5Z\" fill=\"#607AE3\"><\/path><circle cx=\"15.9683\" cy=\"15.9683\" r=\"15.4683\" stroke=\"#607AE3\"><\/circle><\/svg><\/span>\n\t\t\t\t\t\t\t\t\t\t\t\t\t\t<\/span>\n\t\t\t\t\t\t\t\t\t\t\t\t<a class=\"elementor-accordion-title\" tabindex=\"0\">Posso dar acesso ao meu cub\u00edculo a um familiar, amigo ou colega?<\/a>\n\t\t\t\t\t<\/div>\n\t\t\t\t\t<div id=\"elementor-tab-content-2416\" class=\"elementor-tab-content elementor-clearfix\" data-tab=\"6\" role=\"region\" aria-labelledby=\"elementor-tab-title-2416\"><p><span style=\"font-weight: 400;\">N\u00e3o est\u00e1s dispon\u00edvel e precisas de enviar um familiar, amigo ou colega para aceder \u00e0 tua caixa?  <\/span><\/p>\n<p><span style=\"font-weight: 400;\">Basta contactar-nos em <\/span><a href=\"mailto:contact@stockeet.ch\"><span style=\"font-weight: 400;\">contact@stockeet.ch<\/span><\/a><span style=\"font-weight: 400;\"> Teremos todo o gosto em criar acessos adicionais personalizados para satisfazer as tuas necessidades.<\/span><\/p>\n<\/div>\n\t\t\t\t<\/div>\n\t\t\t\t\t\t\t<div class=\"elementor-accordion-item\">\n\t\t\t\t\t<div id=\"elementor-tab-title-2417\" class=\"elementor-tab-title\" data-tab=\"7\" role=\"button\" aria-controls=\"elementor-tab-content-2417\" aria-expanded=\"false\">\n\t\t\t\t\t\t\t\t\t\t\t\t\t<span class=\"elementor-accordion-icon elementor-accordion-icon-right\" aria-hidden=\"true\">\n\t\t\t\t\t\t\t\t\t\t\t\t\t\t\t<span class=\"elementor-accordion-icon-closed\"><svg xmlns=\"http:\/\/www.w3.org\/2000\/svg\" width=\"33\" height=\"33\" viewBox=\"0 0 33 33\" fill=\"none\"><circle cx=\"16.0811\" cy=\"16.6423\" r=\"15.4683\" stroke=\"#607AE3\"><\/circle><g clip-path=\"url(#clip0_48_2)\"><path d=\"M16.6436 13.5486C16.6436 13.2375 16.3922 12.9861 16.0811 12.9861C15.7699 12.9861 15.5186 13.2375 15.5186 13.5486V16.0798H12.9873C12.6762 16.0798 12.4248 16.3312 12.4248 16.6423C12.4248 16.9535 12.6762 17.2048 12.9873 17.2048H15.5186V19.7361C15.5186 20.0472 15.7699 20.2986 16.0811 20.2986C16.3922 20.2986 16.6436 20.0472 16.6436 19.7361V17.2048H19.1748C19.4859 17.2048 19.7373 16.9535 19.7373 16.6423C19.7373 16.3312 19.4859 16.0798 19.1748 16.0798H16.6436V13.5486Z\" fill=\"#607AE3\"><\/path><\/g><defs><clipPath id=\"clip0_48_2\"><rect width=\"9\" height=\"9\" fill=\"white\" transform=\"translate(11.5811 12.1423)\"><\/rect><\/clipPath><\/defs><\/svg><\/span>\n\t\t\t\t\t\t\t\t<span class=\"elementor-accordion-icon-opened\"><svg xmlns=\"http:\/\/www.w3.org\/2000\/svg\" width=\"32\" height=\"32\" viewBox=\"0 0 32 32\" fill=\"none\"><path d=\"M12.5 16.3333C12.3583 16.3333 12.2396 16.2694 12.1438 16.1417C12.0479 16.0139 12 15.8556 12 15.6667C12 15.4778 12.0479 15.3194 12.1438 15.1917C12.2396 15.0639 12.3583 15 12.5 15H18.5C18.6417 15 18.7604 15.0639 18.8563 15.1917C18.9521 15.3194 19 15.4778 19 15.6667C19 15.8556 18.9521 16.0139 18.8563 16.1417C18.7604 16.2694 18.6417 16.3333 18.5 16.3333H12.5Z\" fill=\"#607AE3\"><\/path><circle cx=\"15.9683\" cy=\"15.9683\" r=\"15.4683\" stroke=\"#607AE3\"><\/circle><\/svg><\/span>\n\t\t\t\t\t\t\t\t\t\t\t\t\t\t<\/span>\n\t\t\t\t\t\t\t\t\t\t\t\t<a class=\"elementor-accordion-title\" tabindex=\"0\">Onde se situa o nosso local de auto-armazenamento Stockeet?<\/a>\n\t\t\t\t\t<\/div>\n\t\t\t\t\t<div id=\"elementor-tab-content-2417\" class=\"elementor-tab-content elementor-clearfix\" data-tab=\"7\" role=\"region\" aria-labelledby=\"elementor-tab-title-2417\"><p><span style=\"font-weight: 400;\">Encontra facilmente o nosso local de auto-armazenamento em Aclens no seguinte endere\u00e7o:<\/span><\/p>\n<\/p>\n<p><a href=\"https:\/\/maps.app.goo.gl\/e75VkDXNa3q4EtFt9\" target=\"_blank\" rel=\"noopener\"><span style=\"font-weight: 400;\">Stockeet<\/span><\/a><\/p>\n<p><a href=\"_wp_link_placeholder\"><span style=\"font-weight: 400;\">Chemin du Coteau 29a  <\/span><\/a><\/p>\n<p><a href=\"_wp_link_placeholder\"><span style=\"font-weight: 400;\">1123 Aclens<\/span><\/a><\/p>\n<\/div>\n\t\t\t\t<\/div>\n\t\t\t\t\t\t\t\t<\/div>\n\t\t\t\t\t\t<\/div>\n\t\t\t\t<\/div>\n\t\t\t\t\t<\/div>\n\t\t\t\t<\/div>\n\t\t\t\t<\/div>\n\t\t","protected":false},"excerpt":{"rendered":"<p>FAQ Para simplificar a tua experi\u00eancia e responder \u00e0s tuas d\u00favidas, elabor\u00e1mos uma lista das perguntas mais frequentes dos nossos clientes. Explora as nossas respostas \u00e0s perguntas mais frequentes para obteres as informa\u00e7\u00f5es de que necessitas. Se n\u00e3o encontrares o que procuras, n\u00e3o hesites em contactar-nos diretamente. Estamos aqui para ajudar-te. Quais s\u00e3o as dimens\u00f5es [&hellip;]<\/p>\n","protected":false},"author":1,"featured_media":0,"parent":0,"menu_order":0,"comment_status":"closed","ping_status":"closed","template":"","meta":{"_acf_changed":false,"footnotes":""},"class_list":["post-4086","page","type-page","status-publish","hentry"],"acf":[],"_links":{"self":[{"href":"https:\/\/stockeet.ch\/pt-pt\/wp-json\/wp\/v2\/pages\/4086","targetHints":{"allow":["GET"]}}],"collection":[{"href":"https:\/\/stockeet.ch\/pt-pt\/wp-json\/wp\/v2\/pages"}],"about":[{"href":"https:\/\/stockeet.ch\/pt-pt\/wp-json\/wp\/v2\/types\/page"}],"author":[{"embeddable":true,"href":"https:\/\/stockeet.ch\/pt-pt\/wp-json\/wp\/v2\/users\/1"}],"replies":[{"embeddable":true,"href":"https:\/\/stockeet.ch\/pt-pt\/wp-json\/wp\/v2\/comments?post=4086"}],"version-history":[{"count":1,"href":"https:\/\/stockeet.ch\/pt-pt\/wp-json\/wp\/v2\/pages\/4086\/revisions"}],"predecessor-version":[{"id":4088,"href":"https:\/\/stockeet.ch\/pt-pt\/wp-json\/wp\/v2\/pages\/4086\/revisions\/4088"}],"wp:attachment":[{"href":"https:\/\/stockeet.ch\/pt-pt\/wp-json\/wp\/v2\/media?parent=4086"}],"curies":[{"name":"wp","href":"https:\/\/api.w.org\/{rel}","templated":true}]}}