{"id":4051,"date":"2025-02-18T19:29:49","date_gmt":"2025-02-18T18:29:49","guid":{"rendered":"https:\/\/stockeet.ch\/ofertas-de-emprego\/"},"modified":"2025-03-26T11:35:35","modified_gmt":"2025-03-26T10:35:35","slug":"ofertas-de-emprego","status":"publish","type":"page","link":"https:\/\/stockeet.ch\/pt-pt\/ofertas-de-emprego\/","title":{"rendered":"Ofertas de emprego"},"content":{"rendered":"\t\t<div data-elementor-type=\"wp-page\" data-elementor-id=\"4051\" class=\"elementor elementor-4051 elementor-3033\" data-elementor-post-type=\"page\">\n\t\t\t\t<div class=\"elementor-element elementor-element-2614232 e-flex e-con-boxed e-con e-parent\" data-id=\"2614232\" data-element_type=\"container\">\n\t\t\t\t\t<div class=\"e-con-inner\">\n\t\t\t\t<div class=\"elementor-element elementor-element-a9f0ca8 elementor-widget elementor-widget-text-editor\" data-id=\"a9f0ca8\" data-element_type=\"widget\" data-widget_type=\"text-editor.default\">\n\t\t\t\t<div class=\"elementor-widget-container\">\n\t\t\t\t\t\t\t\t\t<p>Ofertas de emprego<\/p>\t\t\t\t\t\t\t\t<\/div>\n\t\t\t\t<\/div>\n\t\t<div class=\"elementor-element elementor-element-d038f6b e-flex e-con-boxed e-con e-child\" data-id=\"d038f6b\" data-element_type=\"container\">\n\t\t\t\t\t<div class=\"e-con-inner\">\n\t\t\t\t<div class=\"elementor-element elementor-element-a1c7e5b elementor-widget__width-initial elementor-invisible elementor-widget elementor-widget-text-editor\" data-id=\"a1c7e5b\" data-element_type=\"widget\" data-settings=\"{&quot;_animation&quot;:&quot;fadeInUp&quot;}\" data-widget_type=\"text-editor.default\">\n\t\t\t\t<div class=\"elementor-widget-container\">\n\t\t\t\t\t\t\t\t\t<p><strong>Atualmente n\u00e3o h\u00e1 vagas&#8230;<\/strong><\/p>\t\t\t\t\t\t\t\t<\/div>\n\t\t\t\t<\/div>\n\t\t\t\t<div class=\"elementor-element elementor-element-033e1ce elementor-widget__width-initial elementor-invisible elementor-widget elementor-widget-text-editor\" data-id=\"033e1ce\" data-element_type=\"widget\" data-settings=\"{&quot;_animation&quot;:&quot;fadeInUp&quot;}\" data-widget_type=\"text-editor.default\">\n\t\t\t\t<div class=\"elementor-widget-container\">\n\t\t\t\t\t\t\t\t\t<p>Neste momento, temos uma equipa completa, mas as nossas necessidades mudam regularmente.<\/p><p>N\u00e3o hesites em voltar a consultar esta p\u00e1gina, pois actualizamos as nossas ofertas logo que surja uma nova oportunidade.<\/p>\t\t\t\t\t\t\t\t<\/div>\n\t\t\t\t<\/div>\n\t\t\t\t\t<\/div>\n\t\t\t\t<\/div>\n\t\t\t\t\t<\/div>\n\t\t\t\t<\/div>\n\t\t\t\t<\/div>\n\t\t","protected":false},"excerpt":{"rendered":"<p>Ofertas de emprego Atualmente n\u00e3o h\u00e1 vagas&#8230; Neste momento, temos uma equipa completa, mas as nossas necessidades mudam regularmente. N\u00e3o hesites em voltar a consultar esta p\u00e1gina, pois actualizamos as nossas ofertas logo que surja uma nova oportunidade.<\/p>\n","protected":false},"author":1,"featured_media":0,"parent":0,"menu_order":0,"comment_status":"closed","ping_status":"closed","template":"","meta":{"_acf_changed":false,"footnotes":""},"class_list":["post-4051","page","type-page","status-publish","hentry"],"acf":[],"_links":{"self":[{"href":"https:\/\/stockeet.ch\/pt-pt\/wp-json\/wp\/v2\/pages\/4051","targetHints":{"allow":["GET"]}}],"collection":[{"href":"https:\/\/stockeet.ch\/pt-pt\/wp-json\/wp\/v2\/pages"}],"about":[{"href":"https:\/\/stockeet.ch\/pt-pt\/wp-json\/wp\/v2\/types\/page"}],"author":[{"embeddable":true,"href":"https:\/\/stockeet.ch\/pt-pt\/wp-json\/wp\/v2\/users\/1"}],"replies":[{"embeddable":true,"href":"https:\/\/stockeet.ch\/pt-pt\/wp-json\/wp\/v2\/comments?post=4051"}],"version-history":[{"count":1,"href":"https:\/\/stockeet.ch\/pt-pt\/wp-json\/wp\/v2\/pages\/4051\/revisions"}],"predecessor-version":[{"id":4054,"href":"https:\/\/stockeet.ch\/pt-pt\/wp-json\/wp\/v2\/pages\/4051\/revisions\/4054"}],"wp:attachment":[{"href":"https:\/\/stockeet.ch\/pt-pt\/wp-json\/wp\/v2\/media?parent=4051"}],"curies":[{"name":"wp","href":"https:\/\/api.w.org\/{rel}","templated":true}]}}