{"id":4083,"date":"2023-12-14T17:56:24","date_gmt":"2023-12-14T16:56:24","guid":{"rendered":"https:\/\/stockeet.ch\/preguntas-frecuentes\/"},"modified":"2025-03-26T11:35:55","modified_gmt":"2025-03-26T10:35:55","slug":"preguntas-frecuentes","status":"publish","type":"page","link":"https:\/\/stockeet.ch\/es\/preguntas-frecuentes\/","title":{"rendered":"PREGUNTAS FRECUENTES"},"content":{"rendered":"\t\t<div data-elementor-type=\"wp-page\" data-elementor-id=\"4083\" class=\"elementor elementor-4083 elementor-455\" data-elementor-post-type=\"page\">\n\t\t\t\t<div class=\"elementor-element elementor-element-505e9a3 e-flex e-con-boxed e-con e-parent\" data-id=\"505e9a3\" data-element_type=\"container\">\n\t\t\t\t\t<div class=\"e-con-inner\">\n\t\t\t\t<div class=\"elementor-element elementor-element-9263a49 elementor-widget elementor-widget-text-editor\" data-id=\"9263a49\" data-element_type=\"widget\" data-widget_type=\"text-editor.default\">\n\t\t\t\t<div class=\"elementor-widget-container\">\n\t\t\t\t\t\t\t\t\t<p>PREGUNTAS FRECUENTES<\/p>\t\t\t\t\t\t\t\t<\/div>\n\t\t\t\t<\/div>\n\t\t<div class=\"elementor-element elementor-element-56a10cf e-flex e-con-boxed e-con e-child\" data-id=\"56a10cf\" data-element_type=\"container\">\n\t\t\t\t\t<div class=\"e-con-inner\">\n\t\t\t\t<div class=\"elementor-element elementor-element-c3fe46c elementor-widget__width-initial elementor-invisible elementor-widget elementor-widget-text-editor\" data-id=\"c3fe46c\" data-element_type=\"widget\" data-settings=\"{&quot;_animation&quot;:&quot;fadeInUp&quot;}\" data-widget_type=\"text-editor.default\">\n\t\t\t\t<div class=\"elementor-widget-container\">\n\t\t\t\t\t\t\t\t\t<p><span style=\"font-weight: 400;\">Para simplificar tu experiencia y responder a las preguntas que puedas tener, hemos elaborado una lista de las preguntas m\u00e1s frecuentes de nuestros clientes.<\/span><\/p>\t\t\t\t\t\t\t\t<\/div>\n\t\t\t\t<\/div>\n\t\t\t\t<div class=\"elementor-element elementor-element-bdbc635 elementor-widget__width-initial elementor-invisible elementor-widget elementor-widget-text-editor\" data-id=\"bdbc635\" data-element_type=\"widget\" data-settings=\"{&quot;_animation&quot;:&quot;fadeInUp&quot;}\" data-widget_type=\"text-editor.default\">\n\t\t\t\t<div class=\"elementor-widget-container\">\n\t\t\t\t\t\t\t\t\t<p><span style=\"font-weight: 400;\">Explora nuestras respuestas a las preguntas m\u00e1s frecuentes para obtener la informaci\u00f3n que necesitas. Si no encuentras lo que buscas, no dudes en ponerte en contacto con nosotros directamente. Estamos aqu\u00ed para ayudarte.  <\/span><\/p>\t\t\t\t\t\t\t\t<\/div>\n\t\t\t\t<\/div>\n\t\t\t\t\t<\/div>\n\t\t\t\t<\/div>\n\t\t\t\t\t<\/div>\n\t\t\t\t<\/div>\n\t\t<div class=\"elementor-element elementor-element-910492c e-flex e-con-boxed e-con e-parent\" data-id=\"910492c\" data-element_type=\"container\">\n\t\t\t\t\t<div class=\"e-con-inner\">\n\t\t\t\t<div class=\"elementor-element elementor-element-e6b219c elementor-widget elementor-widget-accordion\" data-id=\"e6b219c\" data-element_type=\"widget\" data-widget_type=\"accordion.default\">\n\t\t\t\t<div class=\"elementor-widget-container\">\n\t\t\t\t\t\t\t<div class=\"elementor-accordion\">\n\t\t\t\t\t\t\t<div class=\"elementor-accordion-item\">\n\t\t\t\t\t<div id=\"elementor-tab-title-2411\" class=\"elementor-tab-title\" data-tab=\"1\" role=\"button\" aria-controls=\"elementor-tab-content-2411\" aria-expanded=\"false\">\n\t\t\t\t\t\t\t\t\t\t\t\t\t<span class=\"elementor-accordion-icon elementor-accordion-icon-right\" aria-hidden=\"true\">\n\t\t\t\t\t\t\t\t\t\t\t\t\t\t\t<span class=\"elementor-accordion-icon-closed\"><svg xmlns=\"http:\/\/www.w3.org\/2000\/svg\" width=\"33\" height=\"33\" viewBox=\"0 0 33 33\" fill=\"none\"><circle cx=\"16.0811\" cy=\"16.6423\" r=\"15.4683\" stroke=\"#607AE3\"><\/circle><g clip-path=\"url(#clip0_48_2)\"><path d=\"M16.6436 13.5486C16.6436 13.2375 16.3922 12.9861 16.0811 12.9861C15.7699 12.9861 15.5186 13.2375 15.5186 13.5486V16.0798H12.9873C12.6762 16.0798 12.4248 16.3312 12.4248 16.6423C12.4248 16.9535 12.6762 17.2048 12.9873 17.2048H15.5186V19.7361C15.5186 20.0472 15.7699 20.2986 16.0811 20.2986C16.3922 20.2986 16.6436 20.0472 16.6436 19.7361V17.2048H19.1748C19.4859 17.2048 19.7373 16.9535 19.7373 16.6423C19.7373 16.3312 19.4859 16.0798 19.1748 16.0798H16.6436V13.5486Z\" fill=\"#607AE3\"><\/path><\/g><defs><clipPath id=\"clip0_48_2\"><rect width=\"9\" height=\"9\" fill=\"white\" transform=\"translate(11.5811 12.1423)\"><\/rect><\/clipPath><\/defs><\/svg><\/span>\n\t\t\t\t\t\t\t\t<span class=\"elementor-accordion-icon-opened\"><svg xmlns=\"http:\/\/www.w3.org\/2000\/svg\" width=\"32\" height=\"32\" viewBox=\"0 0 32 32\" fill=\"none\"><path d=\"M12.5 16.3333C12.3583 16.3333 12.2396 16.2694 12.1438 16.1417C12.0479 16.0139 12 15.8556 12 15.6667C12 15.4778 12.0479 15.3194 12.1438 15.1917C12.2396 15.0639 12.3583 15 12.5 15H18.5C18.6417 15 18.7604 15.0639 18.8563 15.1917C18.9521 15.3194 19 15.4778 19 15.6667C19 15.8556 18.9521 16.0139 18.8563 16.1417C18.7604 16.2694 18.6417 16.3333 18.5 16.3333H12.5Z\" fill=\"#607AE3\"><\/path><circle cx=\"15.9683\" cy=\"15.9683\" r=\"15.4683\" stroke=\"#607AE3\"><\/circle><\/svg><\/span>\n\t\t\t\t\t\t\t\t\t\t\t\t\t\t<\/span>\n\t\t\t\t\t\t\t\t\t\t\t\t<a class=\"elementor-accordion-title\" tabindex=\"0\">\u00bfCu\u00e1les son las dimensiones y caracter\u00edsticas de los espacios disponibles para alquilar?<\/a>\n\t\t\t\t\t<\/div>\n\t\t\t\t\t<div id=\"elementor-tab-content-2411\" class=\"elementor-tab-content elementor-clearfix\" data-tab=\"1\" role=\"region\" aria-labelledby=\"elementor-tab-title-2411\"><p><span style=\"font-weight: 400;\">Disponemos de una amplia gama de tama\u00f1os de cajas, de 1 a 23m2. La lista de cajas disponibles se actualiza constantemente y puedes consultarla directamente en nuestro sitio web. <\/span><\/p>\n<\/div>\n\t\t\t\t<\/div>\n\t\t\t\t\t\t\t<div class=\"elementor-accordion-item\">\n\t\t\t\t\t<div id=\"elementor-tab-title-2412\" class=\"elementor-tab-title\" data-tab=\"2\" role=\"button\" aria-controls=\"elementor-tab-content-2412\" aria-expanded=\"false\">\n\t\t\t\t\t\t\t\t\t\t\t\t\t<span class=\"elementor-accordion-icon elementor-accordion-icon-right\" aria-hidden=\"true\">\n\t\t\t\t\t\t\t\t\t\t\t\t\t\t\t<span class=\"elementor-accordion-icon-closed\"><svg xmlns=\"http:\/\/www.w3.org\/2000\/svg\" width=\"33\" height=\"33\" viewBox=\"0 0 33 33\" fill=\"none\"><circle cx=\"16.0811\" cy=\"16.6423\" r=\"15.4683\" stroke=\"#607AE3\"><\/circle><g clip-path=\"url(#clip0_48_2)\"><path d=\"M16.6436 13.5486C16.6436 13.2375 16.3922 12.9861 16.0811 12.9861C15.7699 12.9861 15.5186 13.2375 15.5186 13.5486V16.0798H12.9873C12.6762 16.0798 12.4248 16.3312 12.4248 16.6423C12.4248 16.9535 12.6762 17.2048 12.9873 17.2048H15.5186V19.7361C15.5186 20.0472 15.7699 20.2986 16.0811 20.2986C16.3922 20.2986 16.6436 20.0472 16.6436 19.7361V17.2048H19.1748C19.4859 17.2048 19.7373 16.9535 19.7373 16.6423C19.7373 16.3312 19.4859 16.0798 19.1748 16.0798H16.6436V13.5486Z\" fill=\"#607AE3\"><\/path><\/g><defs><clipPath id=\"clip0_48_2\"><rect width=\"9\" height=\"9\" fill=\"white\" transform=\"translate(11.5811 12.1423)\"><\/rect><\/clipPath><\/defs><\/svg><\/span>\n\t\t\t\t\t\t\t\t<span class=\"elementor-accordion-icon-opened\"><svg xmlns=\"http:\/\/www.w3.org\/2000\/svg\" width=\"32\" height=\"32\" viewBox=\"0 0 32 32\" fill=\"none\"><path d=\"M12.5 16.3333C12.3583 16.3333 12.2396 16.2694 12.1438 16.1417C12.0479 16.0139 12 15.8556 12 15.6667C12 15.4778 12.0479 15.3194 12.1438 15.1917C12.2396 15.0639 12.3583 15 12.5 15H18.5C18.6417 15 18.7604 15.0639 18.8563 15.1917C18.9521 15.3194 19 15.4778 19 15.6667C19 15.8556 18.9521 16.0139 18.8563 16.1417C18.7604 16.2694 18.6417 16.3333 18.5 16.3333H12.5Z\" fill=\"#607AE3\"><\/path><circle cx=\"15.9683\" cy=\"15.9683\" r=\"15.4683\" stroke=\"#607AE3\"><\/circle><\/svg><\/span>\n\t\t\t\t\t\t\t\t\t\t\t\t\t\t<\/span>\n\t\t\t\t\t\t\t\t\t\t\t\t<a class=\"elementor-accordion-title\" tabindex=\"0\">\u00bfCu\u00e1l es la pol\u00edtica de seguridad para las mercanc\u00edas almacenadas?<\/a>\n\t\t\t\t\t<\/div>\n\t\t\t\t\t<div id=\"elementor-tab-content-2412\" class=\"elementor-tab-content elementor-clearfix\" data-tab=\"2\" role=\"region\" aria-labelledby=\"elementor-tab-title-2412\"><p><span style=\"font-weight: 400;\">Nuestro centro de autoalmacenamiento est\u00e1 equipado con la \u00faltima tecnolog\u00eda en seguridad.  <\/span><\/p>\n<p><span style=\"font-weight: 400;\">Vigilancia a distancia 24\/24, sistemas de alarma e intrusi\u00f3n, \u00a1todo est\u00e1 ah\u00ed! \u00a1Puedes estar tranquilo!   <\/span><\/p>\n<p><span style=\"font-weight: 400;\">Y para garantizarte una protecci\u00f3n sin fisuras, trabajamos en colaboraci\u00f3n con la empresa SIR SA, protecci\u00f3n, seguridad, intervenci\u00f3n, disponible 24 horas al d\u00eda, 7 d\u00edas a la semana.<\/span><\/p>\n<\/div>\n\t\t\t\t<\/div>\n\t\t\t\t\t\t\t<div class=\"elementor-accordion-item\">\n\t\t\t\t\t<div id=\"elementor-tab-title-2413\" class=\"elementor-tab-title\" data-tab=\"3\" role=\"button\" aria-controls=\"elementor-tab-content-2413\" aria-expanded=\"false\">\n\t\t\t\t\t\t\t\t\t\t\t\t\t<span class=\"elementor-accordion-icon elementor-accordion-icon-right\" aria-hidden=\"true\">\n\t\t\t\t\t\t\t\t\t\t\t\t\t\t\t<span class=\"elementor-accordion-icon-closed\"><svg xmlns=\"http:\/\/www.w3.org\/2000\/svg\" width=\"33\" height=\"33\" viewBox=\"0 0 33 33\" fill=\"none\"><circle cx=\"16.0811\" cy=\"16.6423\" r=\"15.4683\" stroke=\"#607AE3\"><\/circle><g clip-path=\"url(#clip0_48_2)\"><path d=\"M16.6436 13.5486C16.6436 13.2375 16.3922 12.9861 16.0811 12.9861C15.7699 12.9861 15.5186 13.2375 15.5186 13.5486V16.0798H12.9873C12.6762 16.0798 12.4248 16.3312 12.4248 16.6423C12.4248 16.9535 12.6762 17.2048 12.9873 17.2048H15.5186V19.7361C15.5186 20.0472 15.7699 20.2986 16.0811 20.2986C16.3922 20.2986 16.6436 20.0472 16.6436 19.7361V17.2048H19.1748C19.4859 17.2048 19.7373 16.9535 19.7373 16.6423C19.7373 16.3312 19.4859 16.0798 19.1748 16.0798H16.6436V13.5486Z\" fill=\"#607AE3\"><\/path><\/g><defs><clipPath id=\"clip0_48_2\"><rect width=\"9\" height=\"9\" fill=\"white\" transform=\"translate(11.5811 12.1423)\"><\/rect><\/clipPath><\/defs><\/svg><\/span>\n\t\t\t\t\t\t\t\t<span class=\"elementor-accordion-icon-opened\"><svg xmlns=\"http:\/\/www.w3.org\/2000\/svg\" width=\"32\" height=\"32\" viewBox=\"0 0 32 32\" fill=\"none\"><path d=\"M12.5 16.3333C12.3583 16.3333 12.2396 16.2694 12.1438 16.1417C12.0479 16.0139 12 15.8556 12 15.6667C12 15.4778 12.0479 15.3194 12.1438 15.1917C12.2396 15.0639 12.3583 15 12.5 15H18.5C18.6417 15 18.7604 15.0639 18.8563 15.1917C18.9521 15.3194 19 15.4778 19 15.6667C19 15.8556 18.9521 16.0139 18.8563 16.1417C18.7604 16.2694 18.6417 16.3333 18.5 16.3333H12.5Z\" fill=\"#607AE3\"><\/path><circle cx=\"15.9683\" cy=\"15.9683\" r=\"15.4683\" stroke=\"#607AE3\"><\/circle><\/svg><\/span>\n\t\t\t\t\t\t\t\t\t\t\t\t\t\t<\/span>\n\t\t\t\t\t\t\t\t\t\t\t\t<a class=\"elementor-accordion-title\" tabindex=\"0\">\u00bfPuedo acceder a mi espacio en cualquier momento?<\/a>\n\t\t\t\t\t<\/div>\n\t\t\t\t\t<div id=\"elementor-tab-content-2413\" class=\"elementor-tab-content elementor-clearfix\" data-tab=\"3\" role=\"region\" aria-labelledby=\"elementor-tab-title-2413\"><p>\u00bfNecesitas acceder a tu caja en mitad de la noche? \u00bfUn d\u00eda festivo? Stockeet permanece accesible 365 d\u00edas al a\u00f1o, 24 horas al d\u00eda, 7 d\u00edas a la semana.  <\/p>\n<\/div>\n\t\t\t\t<\/div>\n\t\t\t\t\t\t\t<div class=\"elementor-accordion-item\">\n\t\t\t\t\t<div id=\"elementor-tab-title-2414\" class=\"elementor-tab-title\" data-tab=\"4\" role=\"button\" aria-controls=\"elementor-tab-content-2414\" aria-expanded=\"false\">\n\t\t\t\t\t\t\t\t\t\t\t\t\t<span class=\"elementor-accordion-icon elementor-accordion-icon-right\" aria-hidden=\"true\">\n\t\t\t\t\t\t\t\t\t\t\t\t\t\t\t<span class=\"elementor-accordion-icon-closed\"><svg xmlns=\"http:\/\/www.w3.org\/2000\/svg\" width=\"33\" height=\"33\" viewBox=\"0 0 33 33\" fill=\"none\"><circle cx=\"16.0811\" cy=\"16.6423\" r=\"15.4683\" stroke=\"#607AE3\"><\/circle><g clip-path=\"url(#clip0_48_2)\"><path d=\"M16.6436 13.5486C16.6436 13.2375 16.3922 12.9861 16.0811 12.9861C15.7699 12.9861 15.5186 13.2375 15.5186 13.5486V16.0798H12.9873C12.6762 16.0798 12.4248 16.3312 12.4248 16.6423C12.4248 16.9535 12.6762 17.2048 12.9873 17.2048H15.5186V19.7361C15.5186 20.0472 15.7699 20.2986 16.0811 20.2986C16.3922 20.2986 16.6436 20.0472 16.6436 19.7361V17.2048H19.1748C19.4859 17.2048 19.7373 16.9535 19.7373 16.6423C19.7373 16.3312 19.4859 16.0798 19.1748 16.0798H16.6436V13.5486Z\" fill=\"#607AE3\"><\/path><\/g><defs><clipPath id=\"clip0_48_2\"><rect width=\"9\" height=\"9\" fill=\"white\" transform=\"translate(11.5811 12.1423)\"><\/rect><\/clipPath><\/defs><\/svg><\/span>\n\t\t\t\t\t\t\t\t<span class=\"elementor-accordion-icon-opened\"><svg xmlns=\"http:\/\/www.w3.org\/2000\/svg\" width=\"32\" height=\"32\" viewBox=\"0 0 32 32\" fill=\"none\"><path d=\"M12.5 16.3333C12.3583 16.3333 12.2396 16.2694 12.1438 16.1417C12.0479 16.0139 12 15.8556 12 15.6667C12 15.4778 12.0479 15.3194 12.1438 15.1917C12.2396 15.0639 12.3583 15 12.5 15H18.5C18.6417 15 18.7604 15.0639 18.8563 15.1917C18.9521 15.3194 19 15.4778 19 15.6667C19 15.8556 18.9521 16.0139 18.8563 16.1417C18.7604 16.2694 18.6417 16.3333 18.5 16.3333H12.5Z\" fill=\"#607AE3\"><\/path><circle cx=\"15.9683\" cy=\"15.9683\" r=\"15.4683\" stroke=\"#607AE3\"><\/circle><\/svg><\/span>\n\t\t\t\t\t\t\t\t\t\t\t\t\t\t<\/span>\n\t\t\t\t\t\t\t\t\t\t\t\t<a class=\"elementor-accordion-title\" tabindex=\"0\">\u00bfQu\u00e9 debo hacer si tengo que rescindir el contrato de alquiler?<\/a>\n\t\t\t\t\t<\/div>\n\t\t\t\t\t<div id=\"elementor-tab-content-2414\" class=\"elementor-tab-content elementor-clearfix\" data-tab=\"4\" role=\"region\" aria-labelledby=\"elementor-tab-title-2414\"><p>\u00bfYa no necesitas tu caja? Ve a tu cuenta de cliente para cancelarla en unos pocos clics. <\/p>\n<\/div>\n\t\t\t\t<\/div>\n\t\t\t\t\t\t\t<div class=\"elementor-accordion-item\">\n\t\t\t\t\t<div id=\"elementor-tab-title-2415\" class=\"elementor-tab-title\" data-tab=\"5\" role=\"button\" aria-controls=\"elementor-tab-content-2415\" aria-expanded=\"false\">\n\t\t\t\t\t\t\t\t\t\t\t\t\t<span class=\"elementor-accordion-icon elementor-accordion-icon-right\" aria-hidden=\"true\">\n\t\t\t\t\t\t\t\t\t\t\t\t\t\t\t<span class=\"elementor-accordion-icon-closed\"><svg xmlns=\"http:\/\/www.w3.org\/2000\/svg\" width=\"33\" height=\"33\" viewBox=\"0 0 33 33\" fill=\"none\"><circle cx=\"16.0811\" cy=\"16.6423\" r=\"15.4683\" stroke=\"#607AE3\"><\/circle><g clip-path=\"url(#clip0_48_2)\"><path d=\"M16.6436 13.5486C16.6436 13.2375 16.3922 12.9861 16.0811 12.9861C15.7699 12.9861 15.5186 13.2375 15.5186 13.5486V16.0798H12.9873C12.6762 16.0798 12.4248 16.3312 12.4248 16.6423C12.4248 16.9535 12.6762 17.2048 12.9873 17.2048H15.5186V19.7361C15.5186 20.0472 15.7699 20.2986 16.0811 20.2986C16.3922 20.2986 16.6436 20.0472 16.6436 19.7361V17.2048H19.1748C19.4859 17.2048 19.7373 16.9535 19.7373 16.6423C19.7373 16.3312 19.4859 16.0798 19.1748 16.0798H16.6436V13.5486Z\" fill=\"#607AE3\"><\/path><\/g><defs><clipPath id=\"clip0_48_2\"><rect width=\"9\" height=\"9\" fill=\"white\" transform=\"translate(11.5811 12.1423)\"><\/rect><\/clipPath><\/defs><\/svg><\/span>\n\t\t\t\t\t\t\t\t<span class=\"elementor-accordion-icon-opened\"><svg xmlns=\"http:\/\/www.w3.org\/2000\/svg\" width=\"32\" height=\"32\" viewBox=\"0 0 32 32\" fill=\"none\"><path d=\"M12.5 16.3333C12.3583 16.3333 12.2396 16.2694 12.1438 16.1417C12.0479 16.0139 12 15.8556 12 15.6667C12 15.4778 12.0479 15.3194 12.1438 15.1917C12.2396 15.0639 12.3583 15 12.5 15H18.5C18.6417 15 18.7604 15.0639 18.8563 15.1917C18.9521 15.3194 19 15.4778 19 15.6667C19 15.8556 18.9521 16.0139 18.8563 16.1417C18.7604 16.2694 18.6417 16.3333 18.5 16.3333H12.5Z\" fill=\"#607AE3\"><\/path><circle cx=\"15.9683\" cy=\"15.9683\" r=\"15.4683\" stroke=\"#607AE3\"><\/circle><\/svg><\/span>\n\t\t\t\t\t\t\t\t\t\t\t\t\t\t<\/span>\n\t\t\t\t\t\t\t\t\t\t\t\t<a class=\"elementor-accordion-title\" tabindex=\"0\">\u00bfCu\u00e1nto tarda en surtir efecto mi solicitud de cancelaci\u00f3n?<\/a>\n\t\t\t\t\t<\/div>\n\t\t\t\t\t<div id=\"elementor-tab-content-2415\" class=\"elementor-tab-content elementor-clearfix\" data-tab=\"5\" role=\"region\" aria-labelledby=\"elementor-tab-title-2415\"><p>Tu solicitud de cancelaci\u00f3n es instant\u00e1nea desde tu cuenta de cliente, y conservar\u00e1s el acceso a tu caja hasta la fecha de aniversario de tu suscripci\u00f3n.<\/p>\n<\/div>\n\t\t\t\t<\/div>\n\t\t\t\t\t\t\t<div class=\"elementor-accordion-item\">\n\t\t\t\t\t<div id=\"elementor-tab-title-2416\" class=\"elementor-tab-title\" data-tab=\"6\" role=\"button\" aria-controls=\"elementor-tab-content-2416\" aria-expanded=\"false\">\n\t\t\t\t\t\t\t\t\t\t\t\t\t<span class=\"elementor-accordion-icon elementor-accordion-icon-right\" aria-hidden=\"true\">\n\t\t\t\t\t\t\t\t\t\t\t\t\t\t\t<span class=\"elementor-accordion-icon-closed\"><svg xmlns=\"http:\/\/www.w3.org\/2000\/svg\" width=\"33\" height=\"33\" viewBox=\"0 0 33 33\" fill=\"none\"><circle cx=\"16.0811\" cy=\"16.6423\" r=\"15.4683\" stroke=\"#607AE3\"><\/circle><g clip-path=\"url(#clip0_48_2)\"><path d=\"M16.6436 13.5486C16.6436 13.2375 16.3922 12.9861 16.0811 12.9861C15.7699 12.9861 15.5186 13.2375 15.5186 13.5486V16.0798H12.9873C12.6762 16.0798 12.4248 16.3312 12.4248 16.6423C12.4248 16.9535 12.6762 17.2048 12.9873 17.2048H15.5186V19.7361C15.5186 20.0472 15.7699 20.2986 16.0811 20.2986C16.3922 20.2986 16.6436 20.0472 16.6436 19.7361V17.2048H19.1748C19.4859 17.2048 19.7373 16.9535 19.7373 16.6423C19.7373 16.3312 19.4859 16.0798 19.1748 16.0798H16.6436V13.5486Z\" fill=\"#607AE3\"><\/path><\/g><defs><clipPath id=\"clip0_48_2\"><rect width=\"9\" height=\"9\" fill=\"white\" transform=\"translate(11.5811 12.1423)\"><\/rect><\/clipPath><\/defs><\/svg><\/span>\n\t\t\t\t\t\t\t\t<span class=\"elementor-accordion-icon-opened\"><svg xmlns=\"http:\/\/www.w3.org\/2000\/svg\" width=\"32\" height=\"32\" viewBox=\"0 0 32 32\" fill=\"none\"><path d=\"M12.5 16.3333C12.3583 16.3333 12.2396 16.2694 12.1438 16.1417C12.0479 16.0139 12 15.8556 12 15.6667C12 15.4778 12.0479 15.3194 12.1438 15.1917C12.2396 15.0639 12.3583 15 12.5 15H18.5C18.6417 15 18.7604 15.0639 18.8563 15.1917C18.9521 15.3194 19 15.4778 19 15.6667C19 15.8556 18.9521 16.0139 18.8563 16.1417C18.7604 16.2694 18.6417 16.3333 18.5 16.3333H12.5Z\" fill=\"#607AE3\"><\/path><circle cx=\"15.9683\" cy=\"15.9683\" r=\"15.4683\" stroke=\"#607AE3\"><\/circle><\/svg><\/span>\n\t\t\t\t\t\t\t\t\t\t\t\t\t\t<\/span>\n\t\t\t\t\t\t\t\t\t\t\t\t<a class=\"elementor-accordion-title\" tabindex=\"0\">\u00bfPuedo dar acceso a mi cub\u00edculo a un familiar, amigo o compa\u00f1ero?<\/a>\n\t\t\t\t\t<\/div>\n\t\t\t\t\t<div id=\"elementor-tab-content-2416\" class=\"elementor-tab-content elementor-clearfix\" data-tab=\"6\" role=\"region\" aria-labelledby=\"elementor-tab-title-2416\"><p><span style=\"font-weight: 400;\">\u00bfNo est\u00e1s disponible y necesitas enviar a un familiar, amigo o compa\u00f1ero para que acceda a tu buz\u00f3n?  <\/span><\/p>\n<p><span style=\"font-weight: 400;\">S\u00f3lo tienes que ponerte en contacto con nosotros en <\/span><a href=\"mailto:contact@stockeet.ch\"><span style=\"font-weight: 400;\">contact@stockeet.ch<\/span><\/a><span style=\"font-weight: 400;\"> Estaremos encantados de crear accesos personalizados adicionales para satisfacer tus necesidades.<\/span><\/p>\n<\/div>\n\t\t\t\t<\/div>\n\t\t\t\t\t\t\t<div class=\"elementor-accordion-item\">\n\t\t\t\t\t<div id=\"elementor-tab-title-2417\" class=\"elementor-tab-title\" data-tab=\"7\" role=\"button\" aria-controls=\"elementor-tab-content-2417\" aria-expanded=\"false\">\n\t\t\t\t\t\t\t\t\t\t\t\t\t<span class=\"elementor-accordion-icon elementor-accordion-icon-right\" aria-hidden=\"true\">\n\t\t\t\t\t\t\t\t\t\t\t\t\t\t\t<span class=\"elementor-accordion-icon-closed\"><svg xmlns=\"http:\/\/www.w3.org\/2000\/svg\" width=\"33\" height=\"33\" viewBox=\"0 0 33 33\" fill=\"none\"><circle cx=\"16.0811\" cy=\"16.6423\" r=\"15.4683\" stroke=\"#607AE3\"><\/circle><g clip-path=\"url(#clip0_48_2)\"><path d=\"M16.6436 13.5486C16.6436 13.2375 16.3922 12.9861 16.0811 12.9861C15.7699 12.9861 15.5186 13.2375 15.5186 13.5486V16.0798H12.9873C12.6762 16.0798 12.4248 16.3312 12.4248 16.6423C12.4248 16.9535 12.6762 17.2048 12.9873 17.2048H15.5186V19.7361C15.5186 20.0472 15.7699 20.2986 16.0811 20.2986C16.3922 20.2986 16.6436 20.0472 16.6436 19.7361V17.2048H19.1748C19.4859 17.2048 19.7373 16.9535 19.7373 16.6423C19.7373 16.3312 19.4859 16.0798 19.1748 16.0798H16.6436V13.5486Z\" fill=\"#607AE3\"><\/path><\/g><defs><clipPath id=\"clip0_48_2\"><rect width=\"9\" height=\"9\" fill=\"white\" transform=\"translate(11.5811 12.1423)\"><\/rect><\/clipPath><\/defs><\/svg><\/span>\n\t\t\t\t\t\t\t\t<span class=\"elementor-accordion-icon-opened\"><svg xmlns=\"http:\/\/www.w3.org\/2000\/svg\" width=\"32\" height=\"32\" viewBox=\"0 0 32 32\" fill=\"none\"><path d=\"M12.5 16.3333C12.3583 16.3333 12.2396 16.2694 12.1438 16.1417C12.0479 16.0139 12 15.8556 12 15.6667C12 15.4778 12.0479 15.3194 12.1438 15.1917C12.2396 15.0639 12.3583 15 12.5 15H18.5C18.6417 15 18.7604 15.0639 18.8563 15.1917C18.9521 15.3194 19 15.4778 19 15.6667C19 15.8556 18.9521 16.0139 18.8563 16.1417C18.7604 16.2694 18.6417 16.3333 18.5 16.3333H12.5Z\" fill=\"#607AE3\"><\/path><circle cx=\"15.9683\" cy=\"15.9683\" r=\"15.4683\" stroke=\"#607AE3\"><\/circle><\/svg><\/span>\n\t\t\t\t\t\t\t\t\t\t\t\t\t\t<\/span>\n\t\t\t\t\t\t\t\t\t\t\t\t<a class=\"elementor-accordion-title\" tabindex=\"0\">\u00bfD\u00f3nde se encuentra nuestro almac\u00e9n de Stockeet?<\/a>\n\t\t\t\t\t<\/div>\n\t\t\t\t\t<div id=\"elementor-tab-content-2417\" class=\"elementor-tab-content elementor-clearfix\" data-tab=\"7\" role=\"region\" aria-labelledby=\"elementor-tab-title-2417\"><p><span style=\"font-weight: 400;\">Puedes encontrar f\u00e1cilmente nuestro self-storage en Aclens en la siguiente direcci\u00f3n:<\/span><\/p>\n<\/p>\n<p><a href=\"https:\/\/maps.app.goo.gl\/e75VkDXNa3q4EtFt9\" target=\"_blank\" rel=\"noopener\"><span style=\"font-weight: 400;\">Stockeet<\/span><\/a><\/p>\n<p><a href=\"_wp_link_placeholder\"><span style=\"font-weight: 400;\">Camino del Coteau 29a  <\/span><\/a><\/p>\n<p><a href=\"_wp_link_placeholder\"><span style=\"font-weight: 400;\">1123 Aclens<\/span><\/a><\/p>\n<\/div>\n\t\t\t\t<\/div>\n\t\t\t\t\t\t\t\t<\/div>\n\t\t\t\t\t\t<\/div>\n\t\t\t\t<\/div>\n\t\t\t\t\t<\/div>\n\t\t\t\t<\/div>\n\t\t\t\t<\/div>\n\t\t","protected":false},"excerpt":{"rendered":"<p>PREGUNTAS FRECUENTES Para simplificar tu experiencia y responder a las preguntas que puedas tener, hemos elaborado una lista de las preguntas m\u00e1s frecuentes de nuestros clientes. Explora nuestras respuestas a las preguntas m\u00e1s frecuentes para obtener la informaci\u00f3n que necesitas. Si no encuentras lo que buscas, no dudes en ponerte en contacto con nosotros directamente. [&hellip;]<\/p>\n","protected":false},"author":1,"featured_media":0,"parent":0,"menu_order":0,"comment_status":"closed","ping_status":"closed","template":"","meta":{"_acf_changed":false,"footnotes":""},"class_list":["post-4083","page","type-page","status-publish","hentry"],"acf":[],"_links":{"self":[{"href":"https:\/\/stockeet.ch\/es\/wp-json\/wp\/v2\/pages\/4083","targetHints":{"allow":["GET"]}}],"collection":[{"href":"https:\/\/stockeet.ch\/es\/wp-json\/wp\/v2\/pages"}],"about":[{"href":"https:\/\/stockeet.ch\/es\/wp-json\/wp\/v2\/types\/page"}],"author":[{"embeddable":true,"href":"https:\/\/stockeet.ch\/es\/wp-json\/wp\/v2\/users\/1"}],"replies":[{"embeddable":true,"href":"https:\/\/stockeet.ch\/es\/wp-json\/wp\/v2\/comments?post=4083"}],"version-history":[{"count":1,"href":"https:\/\/stockeet.ch\/es\/wp-json\/wp\/v2\/pages\/4083\/revisions"}],"predecessor-version":[{"id":4085,"href":"https:\/\/stockeet.ch\/es\/wp-json\/wp\/v2\/pages\/4083\/revisions\/4085"}],"wp:attachment":[{"href":"https:\/\/stockeet.ch\/es\/wp-json\/wp\/v2\/media?parent=4083"}],"curies":[{"name":"wp","href":"https:\/\/api.w.org\/{rel}","templated":true}]}}