{"id":5074,"date":"2024-06-24T12:21:34","date_gmt":"2024-06-24T10:21:34","guid":{"rendered":"https:\/\/stockeet.ch\/politik-zum-schutz-persoenlicher-daten-concreet-sa\/"},"modified":"2025-04-07T14:04:31","modified_gmt":"2025-04-07T12:04:31","slug":"politik-zum-schutz-persoenlicher-daten-concreet-sa","status":"publish","type":"page","link":"https:\/\/stockeet.ch\/de\/politik-zum-schutz-persoenlicher-daten-concreet-sa\/","title":{"rendered":"Politik zum Schutz pers\u00f6nlicher Daten &#8211; Concreet SA"},"content":{"rendered":"\t\t<div data-elementor-type=\"wp-page\" data-elementor-id=\"5074\" class=\"elementor elementor-5074 elementor-746\" data-elementor-post-type=\"page\">\n\t\t\t\t<div class=\"elementor-element elementor-element-505e9a3 e-flex e-con-boxed e-con e-parent\" data-id=\"505e9a3\" data-element_type=\"container\">\n\t\t\t\t\t<div class=\"e-con-inner\">\n\t\t\t\t<div class=\"elementor-element elementor-element-9263a49 elementor-widget elementor-widget-text-editor\" data-id=\"9263a49\" data-element_type=\"widget\" data-widget_type=\"text-editor.default\">\n\t\t\t\t<div class=\"elementor-widget-container\">\n\t\t\t\t\t\t\t\t\t<p><span style=\"font-weight: 400;\">Politik zum Schutz pers\u00f6nlicher Daten &#8211; Concreet SA<\/span><\/p>\t\t\t\t\t\t\t\t<\/div>\n\t\t\t\t<\/div>\n\t\t\t\t\t<\/div>\n\t\t\t\t<\/div>\n\t\t<div class=\"elementor-element elementor-element-8aa6090 e-flex e-con-boxed e-con e-parent\" data-id=\"8aa6090\" data-element_type=\"container\">\n\t\t\t\t\t<div class=\"e-con-inner\">\n\t\t\t\t<div class=\"elementor-element elementor-element-cfff749 elementor-widget-divider--view-line elementor-widget elementor-widget-divider\" data-id=\"cfff749\" data-element_type=\"widget\" data-widget_type=\"divider.default\">\n\t\t\t\t<div class=\"elementor-widget-container\">\n\t\t\t\t\t\t\t<div class=\"elementor-divider\">\n\t\t\t<span class=\"elementor-divider-separator\">\n\t\t\t\t\t\t<\/span>\n\t\t<\/div>\n\t\t\t\t\t\t<\/div>\n\t\t\t\t<\/div>\n\t\t\t\t<div class=\"elementor-element elementor-element-690659e elementor-widget elementor-widget-text-editor\" data-id=\"690659e\" data-element_type=\"widget\" data-widget_type=\"text-editor.default\">\n\t\t\t\t<div class=\"elementor-widget-container\">\n\t\t\t\t\t\t\t\t\t<h2>Einf\u00fchrung<\/h2>\t\t\t\t\t\t\t\t<\/div>\n\t\t\t\t<\/div>\n\t\t\t\t<div class=\"elementor-element elementor-element-9f3b26c elementor-widget elementor-widget-text-editor\" data-id=\"9f3b26c\" data-element_type=\"widget\" data-widget_type=\"text-editor.default\">\n\t\t\t\t<div class=\"elementor-widget-container\">\n\t\t\t\t\t\t\t\t\t<p><span style=\"font-weight: 400;\">Concreet SA &#8211; Stockeet, mit Sitz in Chemin du Coteau 29A, 1123 Aclens, verpflichtet sich zum Schutz personenbezogener Daten und zur Einhaltung der Bestimmungen der Allgemeinen Datenschutzverordnung (DSGVO) sowie aller relevanten Datenschutzgesetze.<\/span><\/p>\t\t\t\t\t\t\t\t<\/div>\n\t\t\t\t<\/div>\n\t\t\t\t\t<\/div>\n\t\t\t\t<\/div>\n\t\t<div class=\"elementor-element elementor-element-a57216b e-flex e-con-boxed e-con e-parent\" data-id=\"a57216b\" data-element_type=\"container\">\n\t\t\t\t\t<div class=\"e-con-inner\">\n\t\t\t\t<div class=\"elementor-element elementor-element-dd1e2c3 elementor-widget-divider--view-line elementor-widget elementor-widget-divider\" data-id=\"dd1e2c3\" data-element_type=\"widget\" data-widget_type=\"divider.default\">\n\t\t\t\t<div class=\"elementor-widget-container\">\n\t\t\t\t\t\t\t<div class=\"elementor-divider\">\n\t\t\t<span class=\"elementor-divider-separator\">\n\t\t\t\t\t\t<\/span>\n\t\t<\/div>\n\t\t\t\t\t\t<\/div>\n\t\t\t\t<\/div>\n\t\t\t\t<div class=\"elementor-element elementor-element-aebdb5a elementor-widget elementor-widget-text-editor\" data-id=\"aebdb5a\" data-element_type=\"widget\" data-widget_type=\"text-editor.default\">\n\t\t\t\t<div class=\"elementor-widget-container\">\n\t\t\t\t\t\t\t\t\t<h2><strong>1. Verantwortlicher f\u00fcr die Datenverarbeitung<\/strong><\/h2>\t\t\t\t\t\t\t\t<\/div>\n\t\t\t\t<\/div>\n\t\t\t\t<div class=\"elementor-element elementor-element-ae6d7fb elementor-widget elementor-widget-text-editor\" data-id=\"ae6d7fb\" data-element_type=\"widget\" data-widget_type=\"text-editor.default\">\n\t\t\t\t<div class=\"elementor-widget-container\">\n\t\t\t\t\t\t\t\t\t<p><span style=\"font-weight: 400;\">Der Verantwortliche f\u00fcr die Verarbeitung ist Concreet SA &#8211; Stockeet. Wenn Sie Fragen zum Schutz Ihrer Daten haben, wenden Sie sich bitte an uns \u00fcber contact@stockeet.ch oder telefonisch unter 021 800 30 00. <\/span><\/p>\t\t\t\t\t\t\t\t<\/div>\n\t\t\t\t<\/div>\n\t\t\t\t\t<\/div>\n\t\t\t\t<\/div>\n\t\t<div class=\"elementor-element elementor-element-fa051a8 e-flex e-con-boxed e-con e-parent\" data-id=\"fa051a8\" data-element_type=\"container\">\n\t\t\t\t\t<div class=\"e-con-inner\">\n\t\t\t\t<div class=\"elementor-element elementor-element-0b1903c elementor-widget-divider--view-line elementor-widget elementor-widget-divider\" data-id=\"0b1903c\" data-element_type=\"widget\" data-widget_type=\"divider.default\">\n\t\t\t\t<div class=\"elementor-widget-container\">\n\t\t\t\t\t\t\t<div class=\"elementor-divider\">\n\t\t\t<span class=\"elementor-divider-separator\">\n\t\t\t\t\t\t<\/span>\n\t\t<\/div>\n\t\t\t\t\t\t<\/div>\n\t\t\t\t<\/div>\n\t\t\t\t<div class=\"elementor-element elementor-element-d440e64 elementor-widget elementor-widget-text-editor\" data-id=\"d440e64\" data-element_type=\"widget\" data-widget_type=\"text-editor.default\">\n\t\t\t\t<div class=\"elementor-widget-container\">\n\t\t\t\t\t\t\t\t\t<h2><strong>  2. Gesammelte personenbezogene Daten<\/strong><\/h2>\t\t\t\t\t\t\t\t<\/div>\n\t\t\t\t<\/div>\n\t\t\t\t<div class=\"elementor-element elementor-element-7428a55 elementor-widget elementor-widget-text-editor\" data-id=\"7428a55\" data-element_type=\"widget\" data-widget_type=\"text-editor.default\">\n\t\t\t\t<div class=\"elementor-widget-container\">\n\t\t\t\t\t\t\t\t\t<p><span style=\"font-weight: 400;\">Wir erheben Ihre personenbezogenen Daten auf angemessene und relevante Weise, die auf die Erfordernisse der angebotenen Dienste beschr\u00e4nkt ist. Die Nichtbereitstellung bestimmter Daten kann die Bereitstellung unserer Dienste oder den Zugang zu bestimmten Funktionen verhindern. <\/span><\/p>\t\t\t\t\t\t\t\t<\/div>\n\t\t\t\t<\/div>\n\t\t\t\t\t<\/div>\n\t\t\t\t<\/div>\n\t\t<div class=\"elementor-element elementor-element-3cdb8ad e-flex e-con-boxed e-con e-parent\" data-id=\"3cdb8ad\" data-element_type=\"container\">\n\t\t\t\t\t<div class=\"e-con-inner\">\n\t\t\t\t<div class=\"elementor-element elementor-element-351abb0 elementor-widget-divider--view-line elementor-widget elementor-widget-divider\" data-id=\"351abb0\" data-element_type=\"widget\" data-widget_type=\"divider.default\">\n\t\t\t\t<div class=\"elementor-widget-container\">\n\t\t\t\t\t\t\t<div class=\"elementor-divider\">\n\t\t\t<span class=\"elementor-divider-separator\">\n\t\t\t\t\t\t<\/span>\n\t\t<\/div>\n\t\t\t\t\t\t<\/div>\n\t\t\t\t<\/div>\n\t\t\t\t<div class=\"elementor-element elementor-element-21b60c5 elementor-widget elementor-widget-text-editor\" data-id=\"21b60c5\" data-element_type=\"widget\" data-widget_type=\"text-editor.default\">\n\t\t\t\t<div class=\"elementor-widget-container\">\n\t\t\t\t\t\t\t\t\t<h2><strong>  3. Verwendung von Daten<\/strong><\/h2>\t\t\t\t\t\t\t\t<\/div>\n\t\t\t\t<\/div>\n\t\t\t\t<div class=\"elementor-element elementor-element-84883f2 elementor-widget elementor-widget-text-editor\" data-id=\"84883f2\" data-element_type=\"widget\" data-widget_type=\"text-editor.default\">\n\t\t\t\t<div class=\"elementor-widget-container\">\n\t\t\t\t\t\t\t\t\t<p><span style=\"font-weight: 400;\">Ihre pers\u00f6nlichen Daten werden verwendet, um :<\/span><\/p><p> <\/p><ul><li><span style=\"font-weight: 400;\">Verwaltung der Gesch\u00e4ftsbeziehung, einschlie\u00dflich der Verwaltung Ihres Kontos, des Vertrags und der Rechnungsstellung.<\/span><\/li><li>Bereitstellung und Sicherung unserer Dienstleistungen, einschlie\u00dflich der Verwendung von Video\u00fcberwachungs- und Zugangskontrollsystemen.<\/li><li>Verbesserung und Personalisierung unserer Dienstleistungen.<\/li><li>Vorschlagen von kommerziellen Angeboten, es sei denn, Sie widersprechen dem.<\/li><\/ul>\t\t\t\t\t\t\t\t<\/div>\n\t\t\t\t<\/div>\n\t\t\t\t\t<\/div>\n\t\t\t\t<\/div>\n\t\t<div class=\"elementor-element elementor-element-f53b296 e-flex e-con-boxed e-con e-parent\" data-id=\"f53b296\" data-element_type=\"container\">\n\t\t\t\t\t<div class=\"e-con-inner\">\n\t\t\t\t<div class=\"elementor-element elementor-element-1048ba4 elementor-widget-divider--view-line elementor-widget elementor-widget-divider\" data-id=\"1048ba4\" data-element_type=\"widget\" data-widget_type=\"divider.default\">\n\t\t\t\t<div class=\"elementor-widget-container\">\n\t\t\t\t\t\t\t<div class=\"elementor-divider\">\n\t\t\t<span class=\"elementor-divider-separator\">\n\t\t\t\t\t\t<\/span>\n\t\t<\/div>\n\t\t\t\t\t\t<\/div>\n\t\t\t\t<\/div>\n\t\t\t\t<div class=\"elementor-element elementor-element-de0b6e7 elementor-widget elementor-widget-text-editor\" data-id=\"de0b6e7\" data-element_type=\"widget\" data-widget_type=\"text-editor.default\">\n\t\t\t\t<div class=\"elementor-widget-container\">\n\t\t\t\t\t\t\t\t\t<h2><strong>  4. Rechtsgrundlage der Verarbeitung<\/strong><\/h2>\t\t\t\t\t\t\t\t<\/div>\n\t\t\t\t<\/div>\n\t\t\t\t<div class=\"elementor-element elementor-element-a57ebcd elementor-widget elementor-widget-text-editor\" data-id=\"a57ebcd\" data-element_type=\"widget\" data-widget_type=\"text-editor.default\">\n\t\t\t\t<div class=\"elementor-widget-container\">\n\t\t\t\t\t\t\t\t\t<p><span style=\"font-weight: 400;\">Die Verarbeitung Ihrer Daten beruht auf der Erf\u00fcllung Ihres Vertrags mit uns, unserem berechtigten Interesse an der Sicherstellung der Effizienz unserer Dienstleistungen und der Erf\u00fcllung unserer rechtlichen Verpflichtungen.<\/span><\/p>\t\t\t\t\t\t\t\t<\/div>\n\t\t\t\t<\/div>\n\t\t\t\t\t<\/div>\n\t\t\t\t<\/div>\n\t\t<div class=\"elementor-element elementor-element-b2cec7a e-flex e-con-boxed e-con e-parent\" data-id=\"b2cec7a\" data-element_type=\"container\">\n\t\t\t\t\t<div class=\"e-con-inner\">\n\t\t\t\t<div class=\"elementor-element elementor-element-d4efd00 elementor-widget-divider--view-line elementor-widget elementor-widget-divider\" data-id=\"d4efd00\" data-element_type=\"widget\" data-widget_type=\"divider.default\">\n\t\t\t\t<div class=\"elementor-widget-container\">\n\t\t\t\t\t\t\t<div class=\"elementor-divider\">\n\t\t\t<span class=\"elementor-divider-separator\">\n\t\t\t\t\t\t<\/span>\n\t\t<\/div>\n\t\t\t\t\t\t<\/div>\n\t\t\t\t<\/div>\n\t\t\t\t<div class=\"elementor-element elementor-element-51b1f46 elementor-widget elementor-widget-text-editor\" data-id=\"51b1f46\" data-element_type=\"widget\" data-widget_type=\"text-editor.default\">\n\t\t\t\t<div class=\"elementor-widget-container\">\n\t\t\t\t\t\t\t\t\t<h2><strong>  5. Teilen und \u00dcbertragen von Daten<\/strong><\/h2>\t\t\t\t\t\t\t\t<\/div>\n\t\t\t\t<\/div>\n\t\t\t\t<div class=\"elementor-element elementor-element-6bd3f5d elementor-widget elementor-widget-text-editor\" data-id=\"6bd3f5d\" data-element_type=\"widget\" data-widget_type=\"text-editor.default\">\n\t\t\t\t<div class=\"elementor-widget-container\">\n\t\t\t\t\t\t\t\t\t<p><span style=\"font-weight: 400;\">Ihre Daten k\u00f6nnen an unsere vertrauensw\u00fcrdigen Partner weitergegeben werden, um Zahlungen abzuwickeln und Dienstleistungen zu erbringen. Wir stellen sicher, dass diese Partner unsere Datenschutzstandards einhalten. <\/span><\/p>\t\t\t\t\t\t\t\t<\/div>\n\t\t\t\t<\/div>\n\t\t\t\t\t<\/div>\n\t\t\t\t<\/div>\n\t\t<div class=\"elementor-element elementor-element-725d754 e-flex e-con-boxed e-con e-parent\" data-id=\"725d754\" data-element_type=\"container\">\n\t\t\t\t\t<div class=\"e-con-inner\">\n\t\t\t\t<div class=\"elementor-element elementor-element-a6ae8e7 elementor-widget-divider--view-line elementor-widget elementor-widget-divider\" data-id=\"a6ae8e7\" data-element_type=\"widget\" data-widget_type=\"divider.default\">\n\t\t\t\t<div class=\"elementor-widget-container\">\n\t\t\t\t\t\t\t<div class=\"elementor-divider\">\n\t\t\t<span class=\"elementor-divider-separator\">\n\t\t\t\t\t\t<\/span>\n\t\t<\/div>\n\t\t\t\t\t\t<\/div>\n\t\t\t\t<\/div>\n\t\t\t\t<div class=\"elementor-element elementor-element-a37848e elementor-widget elementor-widget-text-editor\" data-id=\"a37848e\" data-element_type=\"widget\" data-widget_type=\"text-editor.default\">\n\t\t\t\t<div class=\"elementor-widget-container\">\n\t\t\t\t\t\t\t\t\t<h2><strong>  6. Aufbewahrung von Daten<\/strong><\/h2>\t\t\t\t\t\t\t\t<\/div>\n\t\t\t\t<\/div>\n\t\t\t\t<div class=\"elementor-element elementor-element-a720d14 elementor-widget elementor-widget-text-editor\" data-id=\"a720d14\" data-element_type=\"widget\" data-widget_type=\"text-editor.default\">\n\t\t\t\t<div class=\"elementor-widget-container\">\n\t\t\t\t\t\t\t\t\t<p><span style=\"font-weight: 400;\">Die Daten werden so lange aufbewahrt, wie es f\u00fcr die festgelegten Verarbeitungszwecke erforderlich ist, in der Regel :<\/span><\/p><p> <\/p><ul><li><span style=\"font-weight: 400;\">Daten von potenziellen Kunden: bis zu zwei Jahre nach dem letzten Kontakt.<\/span><\/li><li>Kundendaten: w\u00e4hrend der Laufzeit des Vertrags und bis zu zehn Jahre nach Vertragsende, um m\u00f6gliche Beschwerden und Streitigkeiten zu bearbeiten.<\/li><\/ul>\t\t\t\t\t\t\t\t<\/div>\n\t\t\t\t<\/div>\n\t\t\t\t\t<\/div>\n\t\t\t\t<\/div>\n\t\t<div class=\"elementor-element elementor-element-a2c7dac e-flex e-con-boxed e-con e-parent\" data-id=\"a2c7dac\" data-element_type=\"container\">\n\t\t\t\t\t<div class=\"e-con-inner\">\n\t\t\t\t<div class=\"elementor-element elementor-element-96fa74a elementor-widget-divider--view-line elementor-widget elementor-widget-divider\" data-id=\"96fa74a\" data-element_type=\"widget\" data-widget_type=\"divider.default\">\n\t\t\t\t<div class=\"elementor-widget-container\">\n\t\t\t\t\t\t\t<div class=\"elementor-divider\">\n\t\t\t<span class=\"elementor-divider-separator\">\n\t\t\t\t\t\t<\/span>\n\t\t<\/div>\n\t\t\t\t\t\t<\/div>\n\t\t\t\t<\/div>\n\t\t\t\t<div class=\"elementor-element elementor-element-dc24cbd elementor-widget elementor-widget-text-editor\" data-id=\"dc24cbd\" data-element_type=\"widget\" data-widget_type=\"text-editor.default\">\n\t\t\t\t<div class=\"elementor-widget-container\">\n\t\t\t\t\t\t\t\t\t<h2><strong>  7. Ihre Rechte<\/strong><\/h2>\t\t\t\t\t\t\t\t<\/div>\n\t\t\t\t<\/div>\n\t\t\t\t<div class=\"elementor-element elementor-element-d2369d3 elementor-widget elementor-widget-text-editor\" data-id=\"d2369d3\" data-element_type=\"widget\" data-widget_type=\"text-editor.default\">\n\t\t\t\t<div class=\"elementor-widget-container\">\n\t\t\t\t\t\t\t\t\t<p><span style=\"font-weight: 400;\">Sie haben das Recht, auf Ihre Daten zuzugreifen, ihre Korrektur oder L\u00f6schung zu verlangen, sich der Verarbeitung Ihrer Daten zu widersetzen, die Einschr\u00e4nkung der Verarbeitung zu verlangen und von der \u00dcbertragbarkeit Ihrer Daten zu profitieren. Sie k\u00f6nnen auch postmortale Richtlinien \u00fcber die Verwendung Ihrer Daten festlegen. <\/span><\/p>\t\t\t\t\t\t\t\t<\/div>\n\t\t\t\t<\/div>\n\t\t\t\t\t<\/div>\n\t\t\t\t<\/div>\n\t\t<div class=\"elementor-element elementor-element-1726d33 e-flex e-con-boxed e-con e-parent\" data-id=\"1726d33\" data-element_type=\"container\">\n\t\t\t\t\t<div class=\"e-con-inner\">\n\t\t\t\t<div class=\"elementor-element elementor-element-c124f2f elementor-widget-divider--view-line elementor-widget elementor-widget-divider\" data-id=\"c124f2f\" data-element_type=\"widget\" data-widget_type=\"divider.default\">\n\t\t\t\t<div class=\"elementor-widget-container\">\n\t\t\t\t\t\t\t<div class=\"elementor-divider\">\n\t\t\t<span class=\"elementor-divider-separator\">\n\t\t\t\t\t\t<\/span>\n\t\t<\/div>\n\t\t\t\t\t\t<\/div>\n\t\t\t\t<\/div>\n\t\t\t\t<div class=\"elementor-element elementor-element-199db79 elementor-widget elementor-widget-text-editor\" data-id=\"199db79\" data-element_type=\"widget\" data-widget_type=\"text-editor.default\">\n\t\t\t\t<div class=\"elementor-widget-container\">\n\t\t\t\t\t\t\t\t\t<h2><strong>  8. Sicherheit der Daten<\/strong><\/h2>\t\t\t\t\t\t\t\t<\/div>\n\t\t\t\t<\/div>\n\t\t\t\t<div class=\"elementor-element elementor-element-3196d5d elementor-widget elementor-widget-text-editor\" data-id=\"3196d5d\" data-element_type=\"widget\" data-widget_type=\"text-editor.default\">\n\t\t\t\t<div class=\"elementor-widget-container\">\n\t\t\t\t\t\t\t\t\t<p><span style=\"font-weight: 400;\">Wir wenden strenge Sicherheitsma\u00dfnahmen an, um Ihre Daten vor unbefugtem Zugriff, Verlust oder Zerst\u00f6rung zu sch\u00fctzen.<\/span><\/p>\t\t\t\t\t\t\t\t<\/div>\n\t\t\t\t<\/div>\n\t\t\t\t\t<\/div>\n\t\t\t\t<\/div>\n\t\t<div class=\"elementor-element elementor-element-bc6019c e-flex e-con-boxed e-con e-parent\" data-id=\"bc6019c\" data-element_type=\"container\">\n\t\t\t\t\t<div class=\"e-con-inner\">\n\t\t\t\t<div class=\"elementor-element elementor-element-38f1f1b elementor-widget-divider--view-line elementor-widget elementor-widget-divider\" data-id=\"38f1f1b\" data-element_type=\"widget\" data-widget_type=\"divider.default\">\n\t\t\t\t<div class=\"elementor-widget-container\">\n\t\t\t\t\t\t\t<div class=\"elementor-divider\">\n\t\t\t<span class=\"elementor-divider-separator\">\n\t\t\t\t\t\t<\/span>\n\t\t<\/div>\n\t\t\t\t\t\t<\/div>\n\t\t\t\t<\/div>\n\t\t\t\t<div class=\"elementor-element elementor-element-97858a2 elementor-widget elementor-widget-text-editor\" data-id=\"97858a2\" data-element_type=\"widget\" data-widget_type=\"text-editor.default\">\n\t\t\t\t<div class=\"elementor-widget-container\">\n\t\t\t\t\t\t\t\t\t<h2><strong>  9. \u00c4nderungen der Richtlinie<\/strong><\/h2>\t\t\t\t\t\t\t\t<\/div>\n\t\t\t\t<\/div>\n\t\t\t\t<div class=\"elementor-element elementor-element-439c4fd elementor-widget elementor-widget-text-editor\" data-id=\"439c4fd\" data-element_type=\"widget\" data-widget_type=\"text-editor.default\">\n\t\t\t\t<div class=\"elementor-widget-container\">\n\t\t\t\t\t\t\t\t\t<p><span style=\"font-weight: 400;\">Diese Richtlinie kann aktualisiert werden; wir empfehlen Ihnen, diese Seite regelm\u00e4\u00dfig zu besuchen, um \u00fcber \u00c4nderungen informiert zu bleiben.<\/span><\/p>\t\t\t\t\t\t\t\t<\/div>\n\t\t\t\t<\/div>\n\t\t\t\t\t<\/div>\n\t\t\t\t<\/div>\n\t\t<div class=\"elementor-element elementor-element-d15985a e-flex e-con-boxed e-con e-parent\" data-id=\"d15985a\" data-element_type=\"container\">\n\t\t\t\t\t<div class=\"e-con-inner\">\n\t\t\t\t<div class=\"elementor-element elementor-element-a58ac66 elementor-widget-divider--view-line elementor-widget elementor-widget-divider\" data-id=\"a58ac66\" data-element_type=\"widget\" data-widget_type=\"divider.default\">\n\t\t\t\t<div class=\"elementor-widget-container\">\n\t\t\t\t\t\t\t<div class=\"elementor-divider\">\n\t\t\t<span class=\"elementor-divider-separator\">\n\t\t\t\t\t\t<\/span>\n\t\t<\/div>\n\t\t\t\t\t\t<\/div>\n\t\t\t\t<\/div>\n\t\t\t\t<div class=\"elementor-element elementor-element-3100c28 elementor-widget elementor-widget-text-editor\" data-id=\"3100c28\" data-element_type=\"widget\" data-widget_type=\"text-editor.default\">\n\t\t\t\t<div class=\"elementor-widget-container\">\n\t\t\t\t\t\t\t\t\t<h2><strong>  10. Kontakt und Beschwerden<\/strong><\/h2>\t\t\t\t\t\t\t\t<\/div>\n\t\t\t\t<\/div>\n\t\t\t\t<div class=\"elementor-element elementor-element-38bed15 elementor-widget elementor-widget-text-editor\" data-id=\"38bed15\" data-element_type=\"widget\" data-widget_type=\"text-editor.default\">\n\t\t\t\t<div class=\"elementor-widget-container\">\n\t\t\t\t\t\t\t\t\t<p><span style=\"font-weight: 400;\">Um Ihre Rechte auszu\u00fcben oder eine Beschwerde einzureichen, wenden Sie sich bitte an unseren Datenschutzbeauftragten (DPO) per E-Mail an contact@stockeet.ch oder per Post an unsere Adresse. Bitte legen Sie zur \u00dcberpr\u00fcfung eine Kopie Ihres Personalausweises bei. <\/span><\/p><p> <\/p><p><span style=\"font-weight: 400;\">Diese Richtlinie wurde so gestaltet, dass sie klar und f\u00fcr alle unsere Kunden leicht zug\u00e4nglich ist und gew\u00e4hrleistet, dass Sie \u00fcber Ihre Rechte und unseren Umgang mit Ihren pers\u00f6nlichen Daten informiert sind.<\/span><\/p>\t\t\t\t\t\t\t\t<\/div>\n\t\t\t\t<\/div>\n\t\t\t\t\t<\/div>\n\t\t\t\t<\/div>\n\t\t\t\t<\/div>\n\t\t","protected":false},"excerpt":{"rendered":"<p>Politik zum Schutz pers\u00f6nlicher Daten &#8211; Concreet SA Einf\u00fchrung Concreet SA &#8211; Stockeet, mit Sitz in Chemin du Coteau 29A, 1123 Aclens, verpflichtet sich zum Schutz personenbezogener Daten und zur Einhaltung der Bestimmungen der Allgemeinen Datenschutzverordnung (DSGVO) sowie aller relevanten Datenschutzgesetze. 1. Verantwortlicher f\u00fcr die Datenverarbeitung Der Verantwortliche f\u00fcr die Verarbeitung ist Concreet SA &#8211; [&hellip;]<\/p>\n","protected":false},"author":1,"featured_media":0,"parent":0,"menu_order":0,"comment_status":"closed","ping_status":"closed","template":"","meta":{"_acf_changed":false,"footnotes":""},"class_list":["post-5074","page","type-page","status-publish","hentry"],"acf":[],"_links":{"self":[{"href":"https:\/\/stockeet.ch\/de\/wp-json\/wp\/v2\/pages\/5074","targetHints":{"allow":["GET"]}}],"collection":[{"href":"https:\/\/stockeet.ch\/de\/wp-json\/wp\/v2\/pages"}],"about":[{"href":"https:\/\/stockeet.ch\/de\/wp-json\/wp\/v2\/types\/page"}],"author":[{"embeddable":true,"href":"https:\/\/stockeet.ch\/de\/wp-json\/wp\/v2\/users\/1"}],"replies":[{"embeddable":true,"href":"https:\/\/stockeet.ch\/de\/wp-json\/wp\/v2\/comments?post=5074"}],"version-history":[{"count":5,"href":"https:\/\/stockeet.ch\/de\/wp-json\/wp\/v2\/pages\/5074\/revisions"}],"predecessor-version":[{"id":5089,"href":"https:\/\/stockeet.ch\/de\/wp-json\/wp\/v2\/pages\/5074\/revisions\/5089"}],"wp:attachment":[{"href":"https:\/\/stockeet.ch\/de\/wp-json\/wp\/v2\/media?parent=5074"}],"curies":[{"name":"wp","href":"https:\/\/api.w.org\/{rel}","templated":true}]}}