{"id":4092,"date":"2023-12-14T17:56:24","date_gmt":"2023-12-14T16:56:24","guid":{"rendered":"https:\/\/stockeet.ch\/faq\/"},"modified":"2025-03-26T11:35:55","modified_gmt":"2025-03-26T10:35:55","slug":"faq","status":"publish","type":"page","link":"https:\/\/stockeet.ch\/de\/faq\/","title":{"rendered":"FAQ"},"content":{"rendered":"\t\t<div data-elementor-type=\"wp-page\" data-elementor-id=\"4092\" class=\"elementor elementor-4092 elementor-455\" data-elementor-post-type=\"page\">\n\t\t\t\t<div class=\"elementor-element elementor-element-505e9a3 e-flex e-con-boxed e-con e-parent\" data-id=\"505e9a3\" data-element_type=\"container\">\n\t\t\t\t\t<div class=\"e-con-inner\">\n\t\t\t\t<div class=\"elementor-element elementor-element-9263a49 elementor-widget elementor-widget-text-editor\" data-id=\"9263a49\" data-element_type=\"widget\" data-widget_type=\"text-editor.default\">\n\t\t\t\t<div class=\"elementor-widget-container\">\n\t\t\t\t\t\t\t\t\t<p>FAQ<\/p>\t\t\t\t\t\t\t\t<\/div>\n\t\t\t\t<\/div>\n\t\t<div class=\"elementor-element elementor-element-56a10cf e-flex e-con-boxed e-con e-child\" data-id=\"56a10cf\" data-element_type=\"container\">\n\t\t\t\t\t<div class=\"e-con-inner\">\n\t\t\t\t<div class=\"elementor-element elementor-element-c3fe46c elementor-widget__width-initial elementor-invisible elementor-widget elementor-widget-text-editor\" data-id=\"c3fe46c\" data-element_type=\"widget\" data-settings=\"{&quot;_animation&quot;:&quot;fadeInUp&quot;}\" data-widget_type=\"text-editor.default\">\n\t\t\t\t<div class=\"elementor-widget-container\">\n\t\t\t\t\t\t\t\t\t<p><span style=\"font-weight: 400;\">Um Ihre Erfahrung zu vereinfachen und alle Ihre Fragen zu beantworten, haben wir hier die am h\u00e4ufigsten gestellten Fragen unserer Kunden zusammengestellt.<\/span><\/p>\t\t\t\t\t\t\t\t<\/div>\n\t\t\t\t<\/div>\n\t\t\t\t<div class=\"elementor-element elementor-element-bdbc635 elementor-widget__width-initial elementor-invisible elementor-widget elementor-widget-text-editor\" data-id=\"bdbc635\" data-element_type=\"widget\" data-settings=\"{&quot;_animation&quot;:&quot;fadeInUp&quot;}\" data-widget_type=\"text-editor.default\">\n\t\t\t\t<div class=\"elementor-widget-container\">\n\t\t\t\t\t\t\t\t\t<p><span style=\"font-weight: 400;\">Durchsuchen Sie unsere Antworten auf die h\u00e4ufigsten Fragen, um die Informationen zu erhalten, die Sie ben\u00f6tigen. Wenn Sie nicht finden, was Sie suchen, z\u00f6gern Sie nicht, uns direkt zu kontaktieren. Wir sind hier, um Ihnen zu helfen.  <\/span><\/p>\t\t\t\t\t\t\t\t<\/div>\n\t\t\t\t<\/div>\n\t\t\t\t\t<\/div>\n\t\t\t\t<\/div>\n\t\t\t\t\t<\/div>\n\t\t\t\t<\/div>\n\t\t<div class=\"elementor-element elementor-element-910492c e-flex e-con-boxed e-con e-parent\" data-id=\"910492c\" data-element_type=\"container\">\n\t\t\t\t\t<div class=\"e-con-inner\">\n\t\t\t\t<div class=\"elementor-element elementor-element-e6b219c elementor-widget elementor-widget-accordion\" data-id=\"e6b219c\" data-element_type=\"widget\" data-widget_type=\"accordion.default\">\n\t\t\t\t<div class=\"elementor-widget-container\">\n\t\t\t\t\t\t\t<div class=\"elementor-accordion\">\n\t\t\t\t\t\t\t<div class=\"elementor-accordion-item\">\n\t\t\t\t\t<div id=\"elementor-tab-title-2411\" class=\"elementor-tab-title\" data-tab=\"1\" role=\"button\" aria-controls=\"elementor-tab-content-2411\" aria-expanded=\"false\">\n\t\t\t\t\t\t\t\t\t\t\t\t\t<span class=\"elementor-accordion-icon elementor-accordion-icon-right\" aria-hidden=\"true\">\n\t\t\t\t\t\t\t\t\t\t\t\t\t\t\t<span class=\"elementor-accordion-icon-closed\"><svg xmlns=\"http:\/\/www.w3.org\/2000\/svg\" width=\"33\" height=\"33\" viewBox=\"0 0 33 33\" fill=\"none\"><circle cx=\"16.0811\" cy=\"16.6423\" r=\"15.4683\" stroke=\"#607AE3\"><\/circle><g clip-path=\"url(#clip0_48_2)\"><path d=\"M16.6436 13.5486C16.6436 13.2375 16.3922 12.9861 16.0811 12.9861C15.7699 12.9861 15.5186 13.2375 15.5186 13.5486V16.0798H12.9873C12.6762 16.0798 12.4248 16.3312 12.4248 16.6423C12.4248 16.9535 12.6762 17.2048 12.9873 17.2048H15.5186V19.7361C15.5186 20.0472 15.7699 20.2986 16.0811 20.2986C16.3922 20.2986 16.6436 20.0472 16.6436 19.7361V17.2048H19.1748C19.4859 17.2048 19.7373 16.9535 19.7373 16.6423C19.7373 16.3312 19.4859 16.0798 19.1748 16.0798H16.6436V13.5486Z\" fill=\"#607AE3\"><\/path><\/g><defs><clipPath id=\"clip0_48_2\"><rect width=\"9\" height=\"9\" fill=\"white\" transform=\"translate(11.5811 12.1423)\"><\/rect><\/clipPath><\/defs><\/svg><\/span>\n\t\t\t\t\t\t\t\t<span class=\"elementor-accordion-icon-opened\"><svg xmlns=\"http:\/\/www.w3.org\/2000\/svg\" width=\"32\" height=\"32\" viewBox=\"0 0 32 32\" fill=\"none\"><path d=\"M12.5 16.3333C12.3583 16.3333 12.2396 16.2694 12.1438 16.1417C12.0479 16.0139 12 15.8556 12 15.6667C12 15.4778 12.0479 15.3194 12.1438 15.1917C12.2396 15.0639 12.3583 15 12.5 15H18.5C18.6417 15 18.7604 15.0639 18.8563 15.1917C18.9521 15.3194 19 15.4778 19 15.6667C19 15.8556 18.9521 16.0139 18.8563 16.1417C18.7604 16.2694 18.6417 16.3333 18.5 16.3333H12.5Z\" fill=\"#607AE3\"><\/path><circle cx=\"15.9683\" cy=\"15.9683\" r=\"15.4683\" stroke=\"#607AE3\"><\/circle><\/svg><\/span>\n\t\t\t\t\t\t\t\t\t\t\t\t\t\t<\/span>\n\t\t\t\t\t\t\t\t\t\t\t\t<a class=\"elementor-accordion-title\" tabindex=\"0\">Welche Abmessungen und Eigenschaften haben die R\u00e4ume, die Sie mieten k\u00f6nnen?<\/a>\n\t\t\t\t\t<\/div>\n\t\t\t\t\t<div id=\"elementor-tab-content-2411\" class=\"elementor-tab-content elementor-clearfix\" data-tab=\"1\" role=\"region\" aria-labelledby=\"elementor-tab-title-2411\"><p><span style=\"font-weight: 400;\">Wir verf\u00fcgen \u00fcber eine gro\u00dfe Auswahl an Boxengr\u00f6\u00dfen, von 1 bis 23m2. Die Liste der verf\u00fcgbaren Boxen wird st\u00e4ndig aktualisiert und kann direkt auf unserer Website eingesehen werden. <\/span><\/p>\n<\/div>\n\t\t\t\t<\/div>\n\t\t\t\t\t\t\t<div class=\"elementor-accordion-item\">\n\t\t\t\t\t<div id=\"elementor-tab-title-2412\" class=\"elementor-tab-title\" data-tab=\"2\" role=\"button\" aria-controls=\"elementor-tab-content-2412\" aria-expanded=\"false\">\n\t\t\t\t\t\t\t\t\t\t\t\t\t<span class=\"elementor-accordion-icon elementor-accordion-icon-right\" aria-hidden=\"true\">\n\t\t\t\t\t\t\t\t\t\t\t\t\t\t\t<span class=\"elementor-accordion-icon-closed\"><svg xmlns=\"http:\/\/www.w3.org\/2000\/svg\" width=\"33\" height=\"33\" viewBox=\"0 0 33 33\" fill=\"none\"><circle cx=\"16.0811\" cy=\"16.6423\" r=\"15.4683\" stroke=\"#607AE3\"><\/circle><g clip-path=\"url(#clip0_48_2)\"><path d=\"M16.6436 13.5486C16.6436 13.2375 16.3922 12.9861 16.0811 12.9861C15.7699 12.9861 15.5186 13.2375 15.5186 13.5486V16.0798H12.9873C12.6762 16.0798 12.4248 16.3312 12.4248 16.6423C12.4248 16.9535 12.6762 17.2048 12.9873 17.2048H15.5186V19.7361C15.5186 20.0472 15.7699 20.2986 16.0811 20.2986C16.3922 20.2986 16.6436 20.0472 16.6436 19.7361V17.2048H19.1748C19.4859 17.2048 19.7373 16.9535 19.7373 16.6423C19.7373 16.3312 19.4859 16.0798 19.1748 16.0798H16.6436V13.5486Z\" fill=\"#607AE3\"><\/path><\/g><defs><clipPath id=\"clip0_48_2\"><rect width=\"9\" height=\"9\" fill=\"white\" transform=\"translate(11.5811 12.1423)\"><\/rect><\/clipPath><\/defs><\/svg><\/span>\n\t\t\t\t\t\t\t\t<span class=\"elementor-accordion-icon-opened\"><svg xmlns=\"http:\/\/www.w3.org\/2000\/svg\" width=\"32\" height=\"32\" viewBox=\"0 0 32 32\" fill=\"none\"><path d=\"M12.5 16.3333C12.3583 16.3333 12.2396 16.2694 12.1438 16.1417C12.0479 16.0139 12 15.8556 12 15.6667C12 15.4778 12.0479 15.3194 12.1438 15.1917C12.2396 15.0639 12.3583 15 12.5 15H18.5C18.6417 15 18.7604 15.0639 18.8563 15.1917C18.9521 15.3194 19 15.4778 19 15.6667C19 15.8556 18.9521 16.0139 18.8563 16.1417C18.7604 16.2694 18.6417 16.3333 18.5 16.3333H12.5Z\" fill=\"#607AE3\"><\/path><circle cx=\"15.9683\" cy=\"15.9683\" r=\"15.4683\" stroke=\"#607AE3\"><\/circle><\/svg><\/span>\n\t\t\t\t\t\t\t\t\t\t\t\t\t\t<\/span>\n\t\t\t\t\t\t\t\t\t\t\t\t<a class=\"elementor-accordion-title\" tabindex=\"0\">Wie ist die Sicherheitspolitik f\u00fcr die eingelagerten G\u00fcter?<\/a>\n\t\t\t\t\t<\/div>\n\t\t\t\t\t<div id=\"elementor-tab-content-2412\" class=\"elementor-tab-content elementor-clearfix\" data-tab=\"2\" role=\"region\" aria-labelledby=\"elementor-tab-title-2412\"><p><span style=\"font-weight: 400;\">Unsere Self-Storage-Anlage ist mit der neuesten Sicherheitstechnologie ausgestattet.  <\/span><\/p>\n<p><span style=\"font-weight: 400;\">24-Stunden-Fern\u00fcberwachung, Alarm- und Einbruchssicherungssysteme, alles ist vorhanden! Sie k\u00f6nnen beruhigt schlafen!   <\/span><\/p>\n<p><span style=\"font-weight: 400;\">Und um Ihnen einen sicheren Schutz zu garantieren, arbeiten wir mit der Firma SIR SA zusammen, die Schutz, Sicherheit und Intervention rund um die Uhr anbietet.<\/span><\/p>\n<\/div>\n\t\t\t\t<\/div>\n\t\t\t\t\t\t\t<div class=\"elementor-accordion-item\">\n\t\t\t\t\t<div id=\"elementor-tab-title-2413\" class=\"elementor-tab-title\" data-tab=\"3\" role=\"button\" aria-controls=\"elementor-tab-content-2413\" aria-expanded=\"false\">\n\t\t\t\t\t\t\t\t\t\t\t\t\t<span class=\"elementor-accordion-icon elementor-accordion-icon-right\" aria-hidden=\"true\">\n\t\t\t\t\t\t\t\t\t\t\t\t\t\t\t<span class=\"elementor-accordion-icon-closed\"><svg xmlns=\"http:\/\/www.w3.org\/2000\/svg\" width=\"33\" height=\"33\" viewBox=\"0 0 33 33\" fill=\"none\"><circle cx=\"16.0811\" cy=\"16.6423\" r=\"15.4683\" stroke=\"#607AE3\"><\/circle><g clip-path=\"url(#clip0_48_2)\"><path d=\"M16.6436 13.5486C16.6436 13.2375 16.3922 12.9861 16.0811 12.9861C15.7699 12.9861 15.5186 13.2375 15.5186 13.5486V16.0798H12.9873C12.6762 16.0798 12.4248 16.3312 12.4248 16.6423C12.4248 16.9535 12.6762 17.2048 12.9873 17.2048H15.5186V19.7361C15.5186 20.0472 15.7699 20.2986 16.0811 20.2986C16.3922 20.2986 16.6436 20.0472 16.6436 19.7361V17.2048H19.1748C19.4859 17.2048 19.7373 16.9535 19.7373 16.6423C19.7373 16.3312 19.4859 16.0798 19.1748 16.0798H16.6436V13.5486Z\" fill=\"#607AE3\"><\/path><\/g><defs><clipPath id=\"clip0_48_2\"><rect width=\"9\" height=\"9\" fill=\"white\" transform=\"translate(11.5811 12.1423)\"><\/rect><\/clipPath><\/defs><\/svg><\/span>\n\t\t\t\t\t\t\t\t<span class=\"elementor-accordion-icon-opened\"><svg xmlns=\"http:\/\/www.w3.org\/2000\/svg\" width=\"32\" height=\"32\" viewBox=\"0 0 32 32\" fill=\"none\"><path d=\"M12.5 16.3333C12.3583 16.3333 12.2396 16.2694 12.1438 16.1417C12.0479 16.0139 12 15.8556 12 15.6667C12 15.4778 12.0479 15.3194 12.1438 15.1917C12.2396 15.0639 12.3583 15 12.5 15H18.5C18.6417 15 18.7604 15.0639 18.8563 15.1917C18.9521 15.3194 19 15.4778 19 15.6667C19 15.8556 18.9521 16.0139 18.8563 16.1417C18.7604 16.2694 18.6417 16.3333 18.5 16.3333H12.5Z\" fill=\"#607AE3\"><\/path><circle cx=\"15.9683\" cy=\"15.9683\" r=\"15.4683\" stroke=\"#607AE3\"><\/circle><\/svg><\/span>\n\t\t\t\t\t\t\t\t\t\t\t\t\t\t<\/span>\n\t\t\t\t\t\t\t\t\t\t\t\t<a class=\"elementor-accordion-title\" tabindex=\"0\">Kann ich jederzeit auf meinen Bereich zugreifen?<\/a>\n\t\t\t\t\t<\/div>\n\t\t\t\t\t<div id=\"elementor-tab-content-2413\" class=\"elementor-tab-content elementor-clearfix\" data-tab=\"3\" role=\"region\" aria-labelledby=\"elementor-tab-title-2413\"><p>Sie m\u00fcssen mitten in der Nacht auf Ihre Box zugreifen? Oder an einem Feiertag? Stockeet bleibt 365 Tage im Jahr, 24\/7 zug\u00e4nglich.  <\/p>\n<\/div>\n\t\t\t\t<\/div>\n\t\t\t\t\t\t\t<div class=\"elementor-accordion-item\">\n\t\t\t\t\t<div id=\"elementor-tab-title-2414\" class=\"elementor-tab-title\" data-tab=\"4\" role=\"button\" aria-controls=\"elementor-tab-content-2414\" aria-expanded=\"false\">\n\t\t\t\t\t\t\t\t\t\t\t\t\t<span class=\"elementor-accordion-icon elementor-accordion-icon-right\" aria-hidden=\"true\">\n\t\t\t\t\t\t\t\t\t\t\t\t\t\t\t<span class=\"elementor-accordion-icon-closed\"><svg xmlns=\"http:\/\/www.w3.org\/2000\/svg\" width=\"33\" height=\"33\" viewBox=\"0 0 33 33\" fill=\"none\"><circle cx=\"16.0811\" cy=\"16.6423\" r=\"15.4683\" stroke=\"#607AE3\"><\/circle><g clip-path=\"url(#clip0_48_2)\"><path d=\"M16.6436 13.5486C16.6436 13.2375 16.3922 12.9861 16.0811 12.9861C15.7699 12.9861 15.5186 13.2375 15.5186 13.5486V16.0798H12.9873C12.6762 16.0798 12.4248 16.3312 12.4248 16.6423C12.4248 16.9535 12.6762 17.2048 12.9873 17.2048H15.5186V19.7361C15.5186 20.0472 15.7699 20.2986 16.0811 20.2986C16.3922 20.2986 16.6436 20.0472 16.6436 19.7361V17.2048H19.1748C19.4859 17.2048 19.7373 16.9535 19.7373 16.6423C19.7373 16.3312 19.4859 16.0798 19.1748 16.0798H16.6436V13.5486Z\" fill=\"#607AE3\"><\/path><\/g><defs><clipPath id=\"clip0_48_2\"><rect width=\"9\" height=\"9\" fill=\"white\" transform=\"translate(11.5811 12.1423)\"><\/rect><\/clipPath><\/defs><\/svg><\/span>\n\t\t\t\t\t\t\t\t<span class=\"elementor-accordion-icon-opened\"><svg xmlns=\"http:\/\/www.w3.org\/2000\/svg\" width=\"32\" height=\"32\" viewBox=\"0 0 32 32\" fill=\"none\"><path d=\"M12.5 16.3333C12.3583 16.3333 12.2396 16.2694 12.1438 16.1417C12.0479 16.0139 12 15.8556 12 15.6667C12 15.4778 12.0479 15.3194 12.1438 15.1917C12.2396 15.0639 12.3583 15 12.5 15H18.5C18.6417 15 18.7604 15.0639 18.8563 15.1917C18.9521 15.3194 19 15.4778 19 15.6667C19 15.8556 18.9521 16.0139 18.8563 16.1417C18.7604 16.2694 18.6417 16.3333 18.5 16.3333H12.5Z\" fill=\"#607AE3\"><\/path><circle cx=\"15.9683\" cy=\"15.9683\" r=\"15.4683\" stroke=\"#607AE3\"><\/circle><\/svg><\/span>\n\t\t\t\t\t\t\t\t\t\t\t\t\t\t<\/span>\n\t\t\t\t\t\t\t\t\t\t\t\t<a class=\"elementor-accordion-title\" tabindex=\"0\">Was kann ich tun, wenn ich meinen Mietvertrag k\u00fcndigen muss?<\/a>\n\t\t\t\t\t<\/div>\n\t\t\t\t\t<div id=\"elementor-tab-content-2414\" class=\"elementor-tab-content elementor-clearfix\" data-tab=\"4\" role=\"region\" aria-labelledby=\"elementor-tab-title-2414\"><p>Sie brauchen Ihre Box nicht mehr? Gehen Sie einfach zu Ihrem Kundenkonto und k\u00fcndigen Sie mit wenigen Klicks. <\/p>\n<\/div>\n\t\t\t\t<\/div>\n\t\t\t\t\t\t\t<div class=\"elementor-accordion-item\">\n\t\t\t\t\t<div id=\"elementor-tab-title-2415\" class=\"elementor-tab-title\" data-tab=\"5\" role=\"button\" aria-controls=\"elementor-tab-content-2415\" aria-expanded=\"false\">\n\t\t\t\t\t\t\t\t\t\t\t\t\t<span class=\"elementor-accordion-icon elementor-accordion-icon-right\" aria-hidden=\"true\">\n\t\t\t\t\t\t\t\t\t\t\t\t\t\t\t<span class=\"elementor-accordion-icon-closed\"><svg xmlns=\"http:\/\/www.w3.org\/2000\/svg\" width=\"33\" height=\"33\" viewBox=\"0 0 33 33\" fill=\"none\"><circle cx=\"16.0811\" cy=\"16.6423\" r=\"15.4683\" stroke=\"#607AE3\"><\/circle><g clip-path=\"url(#clip0_48_2)\"><path d=\"M16.6436 13.5486C16.6436 13.2375 16.3922 12.9861 16.0811 12.9861C15.7699 12.9861 15.5186 13.2375 15.5186 13.5486V16.0798H12.9873C12.6762 16.0798 12.4248 16.3312 12.4248 16.6423C12.4248 16.9535 12.6762 17.2048 12.9873 17.2048H15.5186V19.7361C15.5186 20.0472 15.7699 20.2986 16.0811 20.2986C16.3922 20.2986 16.6436 20.0472 16.6436 19.7361V17.2048H19.1748C19.4859 17.2048 19.7373 16.9535 19.7373 16.6423C19.7373 16.3312 19.4859 16.0798 19.1748 16.0798H16.6436V13.5486Z\" fill=\"#607AE3\"><\/path><\/g><defs><clipPath id=\"clip0_48_2\"><rect width=\"9\" height=\"9\" fill=\"white\" transform=\"translate(11.5811 12.1423)\"><\/rect><\/clipPath><\/defs><\/svg><\/span>\n\t\t\t\t\t\t\t\t<span class=\"elementor-accordion-icon-opened\"><svg xmlns=\"http:\/\/www.w3.org\/2000\/svg\" width=\"32\" height=\"32\" viewBox=\"0 0 32 32\" fill=\"none\"><path d=\"M12.5 16.3333C12.3583 16.3333 12.2396 16.2694 12.1438 16.1417C12.0479 16.0139 12 15.8556 12 15.6667C12 15.4778 12.0479 15.3194 12.1438 15.1917C12.2396 15.0639 12.3583 15 12.5 15H18.5C18.6417 15 18.7604 15.0639 18.8563 15.1917C18.9521 15.3194 19 15.4778 19 15.6667C19 15.8556 18.9521 16.0139 18.8563 16.1417C18.7604 16.2694 18.6417 16.3333 18.5 16.3333H12.5Z\" fill=\"#607AE3\"><\/path><circle cx=\"15.9683\" cy=\"15.9683\" r=\"15.4683\" stroke=\"#607AE3\"><\/circle><\/svg><\/span>\n\t\t\t\t\t\t\t\t\t\t\t\t\t\t<\/span>\n\t\t\t\t\t\t\t\t\t\t\t\t<a class=\"elementor-accordion-title\" tabindex=\"0\">Wie lange dauert es, bis mein Antrag auf K\u00fcndigung wirksam wird?<\/a>\n\t\t\t\t\t<\/div>\n\t\t\t\t\t<div id=\"elementor-tab-content-2415\" class=\"elementor-tab-content elementor-clearfix\" data-tab=\"5\" role=\"region\" aria-labelledby=\"elementor-tab-title-2415\"><p>Ihr K\u00fcndigungsantrag wird sofort \u00fcber Ihr Kundenkonto gestellt, Sie behalten den Zugang zu Ihrer Box bis zum Jahrestag Ihres Abonnements.<\/p>\n<\/div>\n\t\t\t\t<\/div>\n\t\t\t\t\t\t\t<div class=\"elementor-accordion-item\">\n\t\t\t\t\t<div id=\"elementor-tab-title-2416\" class=\"elementor-tab-title\" data-tab=\"6\" role=\"button\" aria-controls=\"elementor-tab-content-2416\" aria-expanded=\"false\">\n\t\t\t\t\t\t\t\t\t\t\t\t\t<span class=\"elementor-accordion-icon elementor-accordion-icon-right\" aria-hidden=\"true\">\n\t\t\t\t\t\t\t\t\t\t\t\t\t\t\t<span class=\"elementor-accordion-icon-closed\"><svg xmlns=\"http:\/\/www.w3.org\/2000\/svg\" width=\"33\" height=\"33\" viewBox=\"0 0 33 33\" fill=\"none\"><circle cx=\"16.0811\" cy=\"16.6423\" r=\"15.4683\" stroke=\"#607AE3\"><\/circle><g clip-path=\"url(#clip0_48_2)\"><path d=\"M16.6436 13.5486C16.6436 13.2375 16.3922 12.9861 16.0811 12.9861C15.7699 12.9861 15.5186 13.2375 15.5186 13.5486V16.0798H12.9873C12.6762 16.0798 12.4248 16.3312 12.4248 16.6423C12.4248 16.9535 12.6762 17.2048 12.9873 17.2048H15.5186V19.7361C15.5186 20.0472 15.7699 20.2986 16.0811 20.2986C16.3922 20.2986 16.6436 20.0472 16.6436 19.7361V17.2048H19.1748C19.4859 17.2048 19.7373 16.9535 19.7373 16.6423C19.7373 16.3312 19.4859 16.0798 19.1748 16.0798H16.6436V13.5486Z\" fill=\"#607AE3\"><\/path><\/g><defs><clipPath id=\"clip0_48_2\"><rect width=\"9\" height=\"9\" fill=\"white\" transform=\"translate(11.5811 12.1423)\"><\/rect><\/clipPath><\/defs><\/svg><\/span>\n\t\t\t\t\t\t\t\t<span class=\"elementor-accordion-icon-opened\"><svg xmlns=\"http:\/\/www.w3.org\/2000\/svg\" width=\"32\" height=\"32\" viewBox=\"0 0 32 32\" fill=\"none\"><path d=\"M12.5 16.3333C12.3583 16.3333 12.2396 16.2694 12.1438 16.1417C12.0479 16.0139 12 15.8556 12 15.6667C12 15.4778 12.0479 15.3194 12.1438 15.1917C12.2396 15.0639 12.3583 15 12.5 15H18.5C18.6417 15 18.7604 15.0639 18.8563 15.1917C18.9521 15.3194 19 15.4778 19 15.6667C19 15.8556 18.9521 16.0139 18.8563 16.1417C18.7604 16.2694 18.6417 16.3333 18.5 16.3333H12.5Z\" fill=\"#607AE3\"><\/path><circle cx=\"15.9683\" cy=\"15.9683\" r=\"15.4683\" stroke=\"#607AE3\"><\/circle><\/svg><\/span>\n\t\t\t\t\t\t\t\t\t\t\t\t\t\t<\/span>\n\t\t\t\t\t\t\t\t\t\t\t\t<a class=\"elementor-accordion-title\" tabindex=\"0\">Kann ich einem Verwandten, Freund oder Mitarbeiter Zugang zu meiner Box geben?<\/a>\n\t\t\t\t\t<\/div>\n\t\t\t\t\t<div id=\"elementor-tab-content-2416\" class=\"elementor-tab-content elementor-clearfix\" data-tab=\"6\" role=\"region\" aria-labelledby=\"elementor-tab-title-2416\"><p><span style=\"font-weight: 400;\">Sie sind nicht verf\u00fcgbar und m\u00fcssen einen Verwandten, einen Freund oder einen Mitarbeiter schicken, um auf Ihre Box zuzugreifen?  <\/span><\/p>\n<p><span style=\"font-weight: 400;\">Kontaktieren Sie uns einfach \u00fcber <\/span><a href=\"mailto:contact@stockeet.ch\"><span style=\"font-weight: 400;\">contact@stockeet.ch<\/span><\/a><span style=\"font-weight: 400;\"> Wir werden in der Lage sein, zus\u00e4tzliche Zug\u00e4nge zu schaffen, die auf Ihre Bed\u00fcrfnisse zugeschnitten sind.<\/span><\/p>\n<\/div>\n\t\t\t\t<\/div>\n\t\t\t\t\t\t\t<div class=\"elementor-accordion-item\">\n\t\t\t\t\t<div id=\"elementor-tab-title-2417\" class=\"elementor-tab-title\" data-tab=\"7\" role=\"button\" aria-controls=\"elementor-tab-content-2417\" aria-expanded=\"false\">\n\t\t\t\t\t\t\t\t\t\t\t\t\t<span class=\"elementor-accordion-icon elementor-accordion-icon-right\" aria-hidden=\"true\">\n\t\t\t\t\t\t\t\t\t\t\t\t\t\t\t<span class=\"elementor-accordion-icon-closed\"><svg xmlns=\"http:\/\/www.w3.org\/2000\/svg\" width=\"33\" height=\"33\" viewBox=\"0 0 33 33\" fill=\"none\"><circle cx=\"16.0811\" cy=\"16.6423\" r=\"15.4683\" stroke=\"#607AE3\"><\/circle><g clip-path=\"url(#clip0_48_2)\"><path d=\"M16.6436 13.5486C16.6436 13.2375 16.3922 12.9861 16.0811 12.9861C15.7699 12.9861 15.5186 13.2375 15.5186 13.5486V16.0798H12.9873C12.6762 16.0798 12.4248 16.3312 12.4248 16.6423C12.4248 16.9535 12.6762 17.2048 12.9873 17.2048H15.5186V19.7361C15.5186 20.0472 15.7699 20.2986 16.0811 20.2986C16.3922 20.2986 16.6436 20.0472 16.6436 19.7361V17.2048H19.1748C19.4859 17.2048 19.7373 16.9535 19.7373 16.6423C19.7373 16.3312 19.4859 16.0798 19.1748 16.0798H16.6436V13.5486Z\" fill=\"#607AE3\"><\/path><\/g><defs><clipPath id=\"clip0_48_2\"><rect width=\"9\" height=\"9\" fill=\"white\" transform=\"translate(11.5811 12.1423)\"><\/rect><\/clipPath><\/defs><\/svg><\/span>\n\t\t\t\t\t\t\t\t<span class=\"elementor-accordion-icon-opened\"><svg xmlns=\"http:\/\/www.w3.org\/2000\/svg\" width=\"32\" height=\"32\" viewBox=\"0 0 32 32\" fill=\"none\"><path d=\"M12.5 16.3333C12.3583 16.3333 12.2396 16.2694 12.1438 16.1417C12.0479 16.0139 12 15.8556 12 15.6667C12 15.4778 12.0479 15.3194 12.1438 15.1917C12.2396 15.0639 12.3583 15 12.5 15H18.5C18.6417 15 18.7604 15.0639 18.8563 15.1917C18.9521 15.3194 19 15.4778 19 15.6667C19 15.8556 18.9521 16.0139 18.8563 16.1417C18.7604 16.2694 18.6417 16.3333 18.5 16.3333H12.5Z\" fill=\"#607AE3\"><\/path><circle cx=\"15.9683\" cy=\"15.9683\" r=\"15.4683\" stroke=\"#607AE3\"><\/circle><\/svg><\/span>\n\t\t\t\t\t\t\t\t\t\t\t\t\t\t<\/span>\n\t\t\t\t\t\t\t\t\t\t\t\t<a class=\"elementor-accordion-title\" tabindex=\"0\">Wo befindet sich unser Self-Storage-Standort Stockeet?<\/a>\n\t\t\t\t\t<\/div>\n\t\t\t\t\t<div id=\"elementor-tab-content-2417\" class=\"elementor-tab-content elementor-clearfix\" data-tab=\"7\" role=\"region\" aria-labelledby=\"elementor-tab-title-2417\"><p><span style=\"font-weight: 400;\">Sie finden unseren Self-Storage-Standort in Aclens ganz einfach unter folgender Adresse:<\/span><\/p>\n<\/p>\n<p><a href=\"https:\/\/maps.app.goo.gl\/e75VkDXNa3q4EtFt9\" target=\"_blank\" rel=\"noopener\"><span style=\"font-weight: 400;\">Stockeet<\/span><\/a><\/p>\n<p><a href=\"_wp_link_placeholder\"><span style=\"font-weight: 400;\">Chemin du Coteau 29a  <\/span><\/a><\/p>\n<p><a href=\"_wp_link_placeholder\"><span style=\"font-weight: 400;\">1123 Aclens<\/span><\/a><\/p>\n<\/div>\n\t\t\t\t<\/div>\n\t\t\t\t\t\t\t\t<\/div>\n\t\t\t\t\t\t<\/div>\n\t\t\t\t<\/div>\n\t\t\t\t\t<\/div>\n\t\t\t\t<\/div>\n\t\t\t\t<\/div>\n\t\t","protected":false},"excerpt":{"rendered":"<p>FAQ Um Ihre Erfahrung zu vereinfachen und alle Ihre Fragen zu beantworten, haben wir hier die am h\u00e4ufigsten gestellten Fragen unserer Kunden zusammengestellt. Durchsuchen Sie unsere Antworten auf die h\u00e4ufigsten Fragen, um die Informationen zu erhalten, die Sie ben\u00f6tigen. Wenn Sie nicht finden, was Sie suchen, z\u00f6gern Sie nicht, uns direkt zu kontaktieren. Wir sind [&hellip;]<\/p>\n","protected":false},"author":1,"featured_media":0,"parent":0,"menu_order":0,"comment_status":"closed","ping_status":"closed","template":"","meta":{"_acf_changed":false,"footnotes":""},"class_list":["post-4092","page","type-page","status-publish","hentry"],"acf":[],"_links":{"self":[{"href":"https:\/\/stockeet.ch\/de\/wp-json\/wp\/v2\/pages\/4092","targetHints":{"allow":["GET"]}}],"collection":[{"href":"https:\/\/stockeet.ch\/de\/wp-json\/wp\/v2\/pages"}],"about":[{"href":"https:\/\/stockeet.ch\/de\/wp-json\/wp\/v2\/types\/page"}],"author":[{"embeddable":true,"href":"https:\/\/stockeet.ch\/de\/wp-json\/wp\/v2\/users\/1"}],"replies":[{"embeddable":true,"href":"https:\/\/stockeet.ch\/de\/wp-json\/wp\/v2\/comments?post=4092"}],"version-history":[{"count":1,"href":"https:\/\/stockeet.ch\/de\/wp-json\/wp\/v2\/pages\/4092\/revisions"}],"predecessor-version":[{"id":4094,"href":"https:\/\/stockeet.ch\/de\/wp-json\/wp\/v2\/pages\/4092\/revisions\/4094"}],"wp:attachment":[{"href":"https:\/\/stockeet.ch\/de\/wp-json\/wp\/v2\/media?parent=4092"}],"curies":[{"name":"wp","href":"https:\/\/api.w.org\/{rel}","templated":true}]}}